{"id":1212,"date":"2016-10-06T17:47:27","date_gmt":"2016-10-06T15:47:27","guid":{"rendered":"http:\/\/www.noworudzianin.pl\/WWW\/?page_id=1212"},"modified":"2017-10-23T11:37:26","modified_gmt":"2017-10-23T09:37:26","slug":"po-drugiej-stronie-poniedzialkowy-zabojca","status":"publish","type":"page","link":"https:\/\/www.noworudzianin.pl\/WWW\/felieton\/wojciech-grzybowski\/po-drugiej-stronie-poniedzialkowy-zabojca\/","title":{"rendered":"Po drugiej stronie: Poniedzia\u0142kowy zab\u00f3jca"},"content":{"rendered":"<p>Po drugiej stronie<\/p>\n<h2>Poniedzia\u0142kowy zab\u00f3jca<\/h2>\n<p>Drodzy Czytelnicy, czy wiecie \u017ce&#8230; w pa\u017adzierniku 2016 roku \u201ejedyny raz w \u017cyciu prze\u017cywamy taki miesi\u0105c, w kt\u00f3rym b\u0119dzie 5 sob\u00f3t, 5 niedziel i 5 poniedzia\u0142k\u00f3w? Co\u015b takiego zdarza si\u0119 raz na 823 lata. Ostatni raz wydarzy\u0142o si\u0119 w 1191 roku, a nast\u0119pne b\u0119dzie mia\u0142o miejsce w 2837 roku\u201d. Dobry wst\u0119p? \u2013 No jaka\u015b sensacja to zaraz nie jest, ale jak nada\u0107 jaki\u015b szalony tytu\u0142 \u201eMorderstwo w ka\u017cdy poniedzia\u0142ek\u201d, to zwa\u017cywszy, \u017ce jest ich 5&#8230; a\u017c strach si\u0119 ba\u0107. Uspokajam, jak troch\u0119 poszpera\u0107 po kalendarzach, to tych niepowtarzalnych dni i miesi\u0119cy troch\u0119 si\u0119 znajdzie. W ka\u017cdym razie, pierwsza z pi\u0119ciu pa\u017adziernikowych sob\u00f3t i niedziel za nami. Mam nadziej\u0119, \u017ce weekend si\u0119 uda\u0142 (przynajmniej noworudzkim seniorom). Co do pierwszego z pi\u0119ciu poniedzia\u0142k\u00f3w, to mam pewne obawy, \u017ce dla niekt\u00f3rych okaza\u0142 si\u0119 bardzo \u201eczarny\u201d, a dla innych wyj\u0105tkowy i rzeczywi\u015bcie \u00adniepowtarzalny.<br \/>\nAle wr\u00f3\u0107my jeszcze do ubieg\u0142ego (minionego) tygodnia. Bywaj\u0105c w r\u00f3\u017cnych miejscach, z racji tego, \u017ce dziennikarz w redakcji siedzie\u0107 nie powinien (przynajmniej zbyt d\u0142ugo), a raczej w\u015br\u00f3d ludzi bywa\u0107 \u2013 trafi\u0142em w \u015brod\u0119 na sesj\u0119 do ratusza. Nie pierwszy raz uczestniczy\u0142em (jako widz) w takowym posiedzeniu. Po moim przylocie do Nowej Rudy, ju\u017c 31 sierpnia by\u0142em \u015bwiadkiem chyba najkr\u00f3tszej sesji rady w historii naszego miasta \u2013 24 minuty i&#8230; \u201epo zawodach\u201d. Ale tamta, to by\u0142a sesja nadzwyczajna. Ta, kt\u00f3ra mia\u0142a miejsce ostatnio w noworudzkim ratuszu, nie mia\u0142a co prawda w tytule swojej \u201enadzwyczajno\u015bci\u201d, ale na sw\u00f3j spos\u00f3b nadzwyczajna, niepowtarzalna by\u0142a. Dlaczego? Gdy\u017c uchwa\u0142y g\u0142osowane przez radnych dotykaj\u0105 naszych kieszeni \u2013 op\u0142aty cmentarne i podwy\u017cka za wyw\u00f3z \u015bmieci. My\u015bla\u0142em, \u017ce to kwestie wa\u017cne, jednak g\u0142osowano je w tak szybkim tempie, \u017ce niespecjalnie do mnie dociera\u0142o p\u00f3\u017aniejsze t\u0142umaczenie: \u201eNie ma o czym na sesji m\u00f3wi\u0107, bo radni ju\u017c wszystko przedyskutowali na komisjach\u201d.<br \/>\nI jedna sprawa zaprz\u0105tn\u0119\u0142a moj\u0105 g\u0142ow\u0119 w minionym (ubieg\u0142ym) tygodniu. Chciwo\u015b\u0107 \u2013 m\u00f3wi nam to co\u015b? Zjawisko do\u015b\u0107 powszechne we wsp\u00f3\u0142czesnym \u015bwiecie, wyst\u0119puj\u0105ce i w nas. Okre\u015blaj\u0105 je \u2013 by zmi\u0119kczy\u0107 temat \u2013 chorob\u0105 chciwo\u015bci, pogoni\u0105 za pieni\u0105dzem. Niemcy powiadaj\u0105: \u201eDas Todeshemd hat keine Taschen\u201d \u2013 \u201e\u015amiertelna koszula jest bez kieszeni\u201d. Oczywi\u015bcie, nie musimy ich s\u0142ucha\u0107 (to ostatnio takie niepoprawne), ale to prawda \u2013 do wieczno\u015bci zabierzemy tylko uczynione dobro, reszta przepadnie. Mo\u017ce wi\u0119c tak \u2013 Stop! Panie i panowie \u2013 nie go\u0144my za ka\u017cdym groszem i okazj\u0105 oszukania kogo\u015b w imi\u0119 w\u0142asnej wygody! Teraz rozumiem \u2013 st\u0105d ten po\u015bpiech.<br \/>\nI tak na koniec (to taki nowy akcent), jeden z moich \u201eulubionych autor\u00f3w\u201d \u2013 \u015bw. Pawe\u0142, kiedy\u015b napisa\u0142 do swego ucznia Tymoteusza, wa\u017cne s\u0142owa przestrogi:<br \/>\n\u201eWielkim zyskiem jest pobo\u017cno\u015b\u0107 wraz z poprzestawaniem na tym, co wystarczy. Nic bowiem nie przynie\u015bli\u015bmy na ten \u015bwiat; nic te\u017c nie mo\u017cemy z niego wynie\u015b\u0107. Maj\u0105c natomiast \u017cywno\u015b\u0107 i odzienie, i dach nad g\u0142ow\u0105, b\u0105d\u017amy z tego zadowoleni. A ci, kt\u00f3rzy chc\u0105 si\u0119 bogaci\u0107, wpadaj\u0105 w pokus\u0119 i w zasadzk\u0119 oraz w liczne nierozumne i szkodliwe po\u017c\u0105dania. One to pogr\u0105\u017caj\u0105 ludzi w zgub\u0119 i zatracenie. Albowiem korzeniem wszelkiego z\u0142a jest chciwo\u015b\u0107 pieni\u0119dzy. Za nimi to uganiaj\u0105c si\u0119, niekt\u00f3rzy zab\u0142\u0105kali si\u0119 z dala od wiary i siebie samych przeszyli wielu bole\u015bciami\u201d (1 Tm 6, 6-10).<\/p>\n<p><em>Wojciech Grzybowski<\/em><\/p>\n<p><a href=\"http:\/\/www.noworudzianin.pl\/WWW\/wp-content\/uploads\/2016\/10\/Wojciech-Grzybowski-5X7A9135.jpg\"><img loading=\"lazy\" decoding=\"async\" class=\"alignnone size-thumbnail wp-image-1204\" src=\"http:\/\/www.noworudzianin.pl\/WWW\/wp-content\/uploads\/2016\/10\/Wojciech-Grzybowski-5X7A9135-150x150.jpg\" alt=\"\" width=\"150\" height=\"150\" \/><\/a><\/p>\n","protected":false},"excerpt":{"rendered":"<p>Po drugiej stronie Poniedzia\u0142kowy zab\u00f3jca Drodzy Czytelnicy, czy wiecie \u017ce&#8230; w pa\u017adzierniku 2016 roku \u201ejedyny raz w \u017cyciu prze\u017cywamy taki<\/p>\n","protected":false},"author":4,"featured_media":0,"parent":5301,"menu_order":98,"comment_status":"closed","ping_status":"closed","template":"","meta":{"om_disable_all_campaigns":false,"_monsterinsights_skip_tracking":false,"_monsterinsights_sitenote_active":false,"_monsterinsights_sitenote_note":"","_monsterinsights_sitenote_category":0,"_uf_show_specific_survey":0,"_uf_disable_surveys":false,"footnotes":""},"aioseo_notices":[],"amp_enabled":true,"_links":{"self":[{"href":"https:\/\/www.noworudzianin.pl\/WWW\/wp-json\/wp\/v2\/pages\/1212"}],"collection":[{"href":"https:\/\/www.noworudzianin.pl\/WWW\/wp-json\/wp\/v2\/pages"}],"about":[{"href":"https:\/\/www.noworudzianin.pl\/WWW\/wp-json\/wp\/v2\/types\/page"}],"author":[{"embeddable":true,"href":"https:\/\/www.noworudzianin.pl\/WWW\/wp-json\/wp\/v2\/users\/4"}],"replies":[{"embeddable":true,"href":"https:\/\/www.noworudzianin.pl\/WWW\/wp-json\/wp\/v2\/comments?post=1212"}],"version-history":[{"count":1,"href":"https:\/\/www.noworudzianin.pl\/WWW\/wp-json\/wp\/v2\/pages\/1212\/revisions"}],"predecessor-version":[{"id":1213,"href":"https:\/\/www.noworudzianin.pl\/WWW\/wp-json\/wp\/v2\/pages\/1212\/revisions\/1213"}],"up":[{"embeddable":true,"href":"https:\/\/www.noworudzianin.pl\/WWW\/wp-json\/wp\/v2\/pages\/5301"}],"wp:attachment":[{"href":"https:\/\/www.noworudzianin.pl\/WWW\/wp-json\/wp\/v2\/media?parent=1212"}],"curies":[{"name":"wp","href":"https:\/\/api.w.org\/{rel}","templated":true}]}}