{"id":12370,"date":"2019-02-07T08:48:50","date_gmt":"2019-02-07T07:48:50","guid":{"rendered":"https:\/\/www.noworudzianin.pl\/WWW\/?page_id=12370"},"modified":"2019-02-07T09:07:49","modified_gmt":"2019-02-07T08:07:49","slug":"nieodplatna-pomoc-prawna","status":"publish","type":"page","link":"https:\/\/www.noworudzianin.pl\/WWW\/informator\/nieodplatna-pomoc-prawna\/","title":{"rendered":"Nieodp\u0142atna pomoc prawna"},"content":{"rendered":"<p><a href=\"https:\/\/www.noworudzianin.pl\/WWW\/wp-content\/uploads\/2019\/02\/234234.jpg\"><img loading=\"lazy\" decoding=\"async\" src=\"https:\/\/www.noworudzianin.pl\/WWW\/wp-content\/uploads\/2019\/02\/234234-630x472.jpg\" alt=\"\" width=\"630\" height=\"472\" class=\"alignnone size-large wp-image-12375\" srcset=\"https:\/\/www.noworudzianin.pl\/WWW\/wp-content\/uploads\/2019\/02\/234234-630x472.jpg 630w, https:\/\/www.noworudzianin.pl\/WWW\/wp-content\/uploads\/2019\/02\/234234-300x225.jpg 300w, https:\/\/www.noworudzianin.pl\/WWW\/wp-content\/uploads\/2019\/02\/234234-768x576.jpg 768w, https:\/\/www.noworudzianin.pl\/WWW\/wp-content\/uploads\/2019\/02\/234234.jpg 1920w\" sizes=\"(max-width: 630px) 100vw, 630px\" \/><\/a><\/p>\n<p>Nierzadko zdarza si\u0119, \u017ce potrzebujemy porady prawnej, konsultacji czy pomocy ale wydaje nam si\u0119, \u017ce te us\u0142ugi s\u0105 drogie lub gdzie\u015b daleko poza nasz\u0105 miejscowo\u015bci\u0105.<\/p>\n<p>Okazuje si\u0119 jednak, \u017ce mo\u017cemy skorzysta\u0107 z nieodp\u0142atnej pomocy prawnej <strong>w Nowej Rudzie przy ul. Miko\u0142aja Kopernika 8 od poniedzia\u0142ku do pi\u0105tku w godzinach od 8.00 do 12.00. <\/strong>Warto na spotkanie um\u00f3wi\u0107 si\u0119 wcze\u015bniej dzwoni\u0105c pod numer <strong>tel. kom. 533 379 671<\/strong>. Z podobnych us\u0142ug mo\u017cemy r\u00f3wnie\u017c skorzysta\u0107 <strong>w \u015acinawce \u015aredniej przy ul. Mickiewicza 16<\/strong> tak\u017ce od poniedzia\u0142ku do pi\u0105tku tylko w troch\u0119 bardziej zr\u00f3\u017cnicowanych godzinach. Wi\u0119cej informacji pod numerem <strong>tel. kom. 533 379 674.<\/strong><\/p>\n<p><strong>Nieodp\u0142atna pomoc prawna obejmuje:<\/strong><br \/>\n&#8211; poinformowanie o obowi\u0105zuj\u0105cym stanie prawnym oraz o przys\u0142uguj\u0105cych prawach i obowi\u0105zkach, w tym w zwi\u0105zku z tocz\u0105cym si\u0119 post\u0119powaniem przygotowawczym, administracyjnym, s\u0105dowym lub s\u0105dowo-administracyjnym,<\/p>\n<p>&#8211; wskazanie sposobu rozwi\u0105zania problemu prawnego,<\/p>\n<p>&#8211; przygotowanie projektu pisma w tych sprawach, z wy\u0142\u0105czeniem pism procesowych w tocz\u0105cym si\u0119 post\u0119powaniu przygotowawczym lub s\u0105dowym i pism w tocz\u0105cym si\u0119 post\u0119powaniu s\u0105dowo &#8211; administracyjnym,<\/p>\n<p>&#8211; sporz\u0105dzenie projektu pisma o zwolnienie od koszt\u00f3w s\u0105dowych lub ustanowienie pe\u0142nomocnika z urz\u0119du w r\u00f3\u017cnych rodzajach post\u0119powa\u0144,<\/p>\n<p>&#8211; mediacj\u0119.<\/p>\n<p>Nieodp\u0142atna pomoc prawna <strong>nie obejmuje<\/strong> spraw zwi\u0105zanych z prowadzeniem dzia\u0142alno\u015bci gospodarczej, z wyj\u0105tkiem przygotowania do rozpocz\u0119cia tej dzia\u0142alno\u015bci.<\/p>\n<p><strong>Kto mo\u017ce skorzysta\u0107 ?<\/strong><br \/>\nZ porad mo\u017ce skorzysta\u0107 ka\u017cda osoba, kt\u00f3rej nie sta\u0107 na odp\u0142atne porady i kt\u00f3ra z\u0142o\u017cy stosowne o\u015bwiadczenie. Termin wizyty ustalany jest telefonicznie pod nr telefonu 74 644 24 55.<\/p>\n<p>Porady co do zasady udzielane s\u0105 podczas osobistej wizyty w punkcie porad obywatelskich.<\/p>\n<p>Osoby, kt\u00f3re ze wzgl\u0119du na niepe\u0142nosprawno\u015b\u0107 ruchow\u0105 nie s\u0105 w stanie przyby\u0107 do punktu lub osoby do\u015bwiadczaj\u0105ce trudno\u015bci w komunikowaniu si\u0119, mog\u0105 otrzyma\u0107 porad\u0119 przez telefon lub przez Internet.<\/p>\n<p>Bli\u017csze informacje pod numerem podanym do zapis\u00f3w: 74 644 24 55.<\/p>\n<p>Ka\u017cdy przypadek udzielenia nieodp\u0142atnej pomocy prawnej lub \u015bwiadczenia nieodp\u0142atnego poradnictwa obywatelskiego, dokumentuje si\u0119 przez wype\u0142nienie karty pomocy, kt\u00f3ra sk\u0142ada si\u0119 z cz\u0119\u015bci A i B. Cz\u0119\u015b\u0107 B karty pomocy wype\u0142nia osobi\u015bcie osoba uprawniona. Wype\u0142nienie cz\u0119\u015bci B karty pomocy jest dobrowolne.<\/p>\n<p><a href=\"https:\/\/www.noworudzianin.pl\/WWW\/wp-content\/uploads\/2019\/02\/345345.jpg\"><img loading=\"lazy\" decoding=\"async\" src=\"https:\/\/www.noworudzianin.pl\/WWW\/wp-content\/uploads\/2019\/02\/345345-630x630.jpg\" alt=\"\" width=\"630\" height=\"630\" class=\"alignnone size-large wp-image-12376\" srcset=\"https:\/\/www.noworudzianin.pl\/WWW\/wp-content\/uploads\/2019\/02\/345345-630x630.jpg 630w, https:\/\/www.noworudzianin.pl\/WWW\/wp-content\/uploads\/2019\/02\/345345-150x150.jpg 150w, https:\/\/www.noworudzianin.pl\/WWW\/wp-content\/uploads\/2019\/02\/345345-300x300.jpg 300w, https:\/\/www.noworudzianin.pl\/WWW\/wp-content\/uploads\/2019\/02\/345345-768x768.jpg 768w, https:\/\/www.noworudzianin.pl\/WWW\/wp-content\/uploads\/2019\/02\/345345.jpg 1920w\" sizes=\"(max-width: 630px) 100vw, 630px\" \/><\/a><\/p>\n","protected":false},"excerpt":{"rendered":"<p>Nierzadko zdarza si\u0119, \u017ce potrzebujemy porady prawnej, konsultacji czy pomocy ale wydaje nam si\u0119, \u017ce te us\u0142ugi s\u0105 drogie lub<\/p>\n","protected":false},"author":4,"featured_media":0,"parent":6524,"menu_order":0,"comment_status":"closed","ping_status":"closed","template":"","meta":{"om_disable_all_campaigns":false,"_monsterinsights_skip_tracking":false,"_monsterinsights_sitenote_active":false,"_monsterinsights_sitenote_note":"","_monsterinsights_sitenote_category":0,"_uf_show_specific_survey":0,"_uf_disable_surveys":false,"footnotes":""},"aioseo_notices":[],"amp_enabled":true,"_links":{"self":[{"href":"https:\/\/www.noworudzianin.pl\/WWW\/wp-json\/wp\/v2\/pages\/12370"}],"collection":[{"href":"https:\/\/www.noworudzianin.pl\/WWW\/wp-json\/wp\/v2\/pages"}],"about":[{"href":"https:\/\/www.noworudzianin.pl\/WWW\/wp-json\/wp\/v2\/types\/page"}],"author":[{"embeddable":true,"href":"https:\/\/www.noworudzianin.pl\/WWW\/wp-json\/wp\/v2\/users\/4"}],"replies":[{"embeddable":true,"href":"https:\/\/www.noworudzianin.pl\/WWW\/wp-json\/wp\/v2\/comments?post=12370"}],"version-history":[{"count":5,"href":"https:\/\/www.noworudzianin.pl\/WWW\/wp-json\/wp\/v2\/pages\/12370\/revisions"}],"predecessor-version":[{"id":12379,"href":"https:\/\/www.noworudzianin.pl\/WWW\/wp-json\/wp\/v2\/pages\/12370\/revisions\/12379"}],"up":[{"embeddable":true,"href":"https:\/\/www.noworudzianin.pl\/WWW\/wp-json\/wp\/v2\/pages\/6524"}],"wp:attachment":[{"href":"https:\/\/www.noworudzianin.pl\/WWW\/wp-json\/wp\/v2\/media?parent=12370"}],"curies":[{"name":"wp","href":"https:\/\/api.w.org\/{rel}","templated":true}]}}