{"id":1386,"date":"2016-10-24T21:09:02","date_gmt":"2016-10-24T19:09:02","guid":{"rendered":"http:\/\/www.noworudzianin.pl\/WWW\/?page_id=1386"},"modified":"2017-10-23T11:31:24","modified_gmt":"2017-10-23T09:31:24","slug":"okiem-noworudzianina-pisanie-nowej-rudy","status":"publish","type":"page","link":"https:\/\/www.noworudzianin.pl\/WWW\/felieton\/karol-maliszewski\/okiem-noworudzianina-pisanie-nowej-rudy\/","title":{"rendered":"Okiem noworudzianina: Pisanie Nowej Rudy"},"content":{"rendered":"<p>Nie ma to, jak felieton dla pisarza, kt\u00f3ry chce uczestniczy\u0107 w \u017cyciu swojej spo\u0142eczno\u015bci. Nie ma to, jak felieton w ramach pracy nad lekko\u015bci\u0105 pi\u00f3ra. Nie ma to, jak felieton dla pozbycia si\u0119 emocji i gn\u0119bi\u0105cych cz\u0142owieka my\u015bli. Znane s\u0105 przyk\u0142ady z historii literatury i dziennikarstwa, \u017ce kto\u015b zaczynaj\u0105cy od felieton\u00f3w sprawnie potem przechodzi\u0142 do opowiada\u0144, wierszy, esej\u00f3w, a nawet powie\u015bci. Felieton jako dobra szko\u0142a stylu, zaanga\u017cowania i bystro\u015bci my\u015bli. Tote\u017c wdzi\u0119czny jestem losowi, \u017ce w ci\u0105gu tych pi\u0119ciu lat mog\u0142em sobie na \u0142amach \u201eNoworudzianina\u201d od czasu do czasu poostrzy\u0107 pi\u00f3ro \u2013 bardzo potem przydatne w innych, publicystycznych czy literackich, bojach.<\/p>\n<p>Pisanie Nowej Rudy trwa i nigdy si\u0119 nie sko\u0144czy, bo ju\u017c rodz\u0105 si\u0119 nast\u0119pcy, kt\u00f3rzy dzie\u0142o opisu poci\u0105gn\u0105 dalej. A teraz prosz\u0119 sobie wyobrazi\u0107 pierwsze s\u0142owa akapitu uj\u0119te w cudzys\u0142\u00f3w: \u201ePisanie Nowej Rudy\u201d. Tak nazywa\u0142a si\u0119 akcja wymy\u015blona przez nas (aktywist\u00f3w Stowarzyszenia \u201eG\u00f3ra Babel\u201d), jedno z dzia\u0142a\u0144 odbywaj\u0105cych si\u0119 w ramach lipcowego festiwalu \u201eG\u00f3ry Literatury\u201d. Zamie\u015bci\u0142em na Facebooku kilkadziesi\u0105t noworudzkich zdj\u0119\u0107 r\u00f3\u017cnych autor\u00f3w i zaprosi\u0142em m\u0142odych (i nie tylko) ludzi do napisania kr\u00f3tkiego opowiadania zainspirowanego dowoln\u0105 fotografi\u0105 b\u0105d\u017a ich cyklem. Z kilkudziesi\u0119ciu nades\u0142anych prac wybra\u0142em dwana\u015bcie, kt\u00f3re natychmiast wys\u0142a\u0142em do pozosta\u0142ych juror\u00f3w: Olgi Tokarczuk i Zbigniewa Kruszy\u0144skiego. Wsp\u00f3lnymi si\u0142ami (nadzwyczaj zgodnie) wy\u0142owili\u015bmy sze\u015b\u0107 tekst\u00f3w. Ich autorzy zostali zaproszeni do Nowej Rudy na festiwal i prowadzone przez nasz\u0105 tr\u00f3jk\u0119, odbywaj\u0105ce si\u0119 w bibliotece, warsztaty.<\/p>\n<p>Maciej Bielawski wymy\u015bli\u0142 histori\u0119 wracaj\u0105cego do Nowej Rudy malarza Bianco, Maciej Bobula wpatrzy\u0142 si\u0119 w krajobrazy nad S\u0142upcem i poci\u0105gn\u0105\u0142 opowie\u015b\u0107 o dw\u00f3ch w\u0142\u00f3cz\u0119gach, Marta Mitek wyobrazi\u0142a sobie pani\u0105 Danut\u0119, piel\u0119gniark\u0119 z noworudzkiego szpitala, kt\u00f3rej przydarzy\u0142a si\u0119 do\u015b\u0107 niezwyk\u0142a historia, Justyna Nawrocka oczami duszy ujrza\u0142a s\u0142upiecki \u201esecond hand\u201d i histori\u0119 umie\u015bci\u0142a w przestrzeniach wok\u00f3\u0142 niego, Krzysztof Schodowski zapatrzy\u0142 si\u0119 w niesamowit\u0105 fotografi\u0119 klatki schodowej w domu przy ulicy Ko\u015bcielnej i uruchomi\u0142 w sobie tylko w\u0142a\u015bciwy spos\u00f3b wyobra\u017ani\u0119 i wreszcie Alicja Zaboronek, kr\u0105\u017c\u0105c w okolicach szpitala, wyobrazi\u0142a sobie niezwyk\u0142\u0105 pacjentk\u0119 (i ca\u0142e jej \u017cycie), pani\u0105 Stefani\u0119, \u017con\u0119 dyrektora kopalni. Nie chc\u0119 zdradza\u0107 szczeg\u00f3\u0142\u00f3w poszczeg\u00f3lnych fabu\u0142, by da\u0107 szans\u0119 potencjalnym czytelnikom. Warto te teksty zebra\u0107 i wyda\u0107, koniecznie do\u0142\u0105czaj\u0105c niekt\u00f3re fotografie. Nowa Ruda zyska kolejne wa\u017cne, literackie odbicie. Ju\u017c szukamy sponsor\u00f3w. Ale jak znam konsek\u00adwencj\u0119 w dzia\u0142aniu i energi\u0119 Beaty K\u0142ossowskiej-Tyszki, uda nam si\u0119 w ko\u0144cu t\u0119 antologi\u0119 wyda\u0107.<\/p>\n<p><em>Karol Maliszewski<\/em><\/p>\n<p><a href=\"http:\/\/www.noworudzianin.pl\/WWW\/wp-content\/uploads\/2016\/10\/Karol-Maliszewski.jpg\"><img loading=\"lazy\" decoding=\"async\" class=\"alignnone size-thumbnail wp-image-1388\" src=\"http:\/\/www.noworudzianin.pl\/WWW\/wp-content\/uploads\/2016\/10\/Karol-Maliszewski-150x150.jpg\" alt=\"\" width=\"150\" height=\"150\" \/><\/a><\/p>\n","protected":false},"excerpt":{"rendered":"<p>Nie ma to, jak felieton dla pisarza, kt\u00f3ry chce uczestniczy\u0107 w \u017cyciu swojej spo\u0142eczno\u015bci. Nie ma to, jak felieton w<\/p>\n","protected":false},"author":4,"featured_media":0,"parent":5282,"menu_order":0,"comment_status":"closed","ping_status":"closed","template":"","meta":{"om_disable_all_campaigns":false,"_monsterinsights_skip_tracking":false,"_monsterinsights_sitenote_active":false,"_monsterinsights_sitenote_note":"","_monsterinsights_sitenote_category":0,"_uf_show_specific_survey":0,"_uf_disable_surveys":false,"footnotes":""},"aioseo_notices":[],"amp_enabled":true,"_links":{"self":[{"href":"https:\/\/www.noworudzianin.pl\/WWW\/wp-json\/wp\/v2\/pages\/1386"}],"collection":[{"href":"https:\/\/www.noworudzianin.pl\/WWW\/wp-json\/wp\/v2\/pages"}],"about":[{"href":"https:\/\/www.noworudzianin.pl\/WWW\/wp-json\/wp\/v2\/types\/page"}],"author":[{"embeddable":true,"href":"https:\/\/www.noworudzianin.pl\/WWW\/wp-json\/wp\/v2\/users\/4"}],"replies":[{"embeddable":true,"href":"https:\/\/www.noworudzianin.pl\/WWW\/wp-json\/wp\/v2\/comments?post=1386"}],"version-history":[{"count":2,"href":"https:\/\/www.noworudzianin.pl\/WWW\/wp-json\/wp\/v2\/pages\/1386\/revisions"}],"predecessor-version":[{"id":1389,"href":"https:\/\/www.noworudzianin.pl\/WWW\/wp-json\/wp\/v2\/pages\/1386\/revisions\/1389"}],"up":[{"embeddable":true,"href":"https:\/\/www.noworudzianin.pl\/WWW\/wp-json\/wp\/v2\/pages\/5282"}],"wp:attachment":[{"href":"https:\/\/www.noworudzianin.pl\/WWW\/wp-json\/wp\/v2\/media?parent=1386"}],"curies":[{"name":"wp","href":"https:\/\/api.w.org\/{rel}","templated":true}]}}