{"id":2,"date":"2016-08-11T08:16:45","date_gmt":"2016-08-11T06:16:45","guid":{"rendered":"http:\/\/www.noworudzianin.pl\/WWW\/?page_id=2"},"modified":"2021-06-15T10:39:25","modified_gmt":"2021-06-15T08:39:25","slug":"o-nas","status":"publish","type":"page","link":"https:\/\/www.noworudzianin.pl\/WWW\/o-nas\/","title":{"rendered":"O nas"},"content":{"rendered":"<p>\u201eNoworudzianin&#8221; \u2013 tygodnik ziemi noworudzko-radkowskiej, ukazywa\u0142 si\u0119 od <strong>9 listopada 2011 roku do 25 grudnia 2020 r.<\/strong> na terenie trzech gmin: miasto Nowa Ruda, gmina Nowa Ruda, miasto i gmina Radk\u00f3w. Rzetelnie informowali\u015bmy o wydarzeniach i aktualno\u015bciach z \u017cycia Nowej Rudy, Radkowa oraz przyleg\u0142ych wsi, dbaj\u0105c o dobry poziom informacji. Nie zapominali\u015bmy o rozrywce \u2013 zar\u00f3wno dla doros\u0142ych jak i dla dzieci. Prowadzona by\u0142a obszerna rubryka sportowa. Format: A3, obj\u0119to\u015b\u0107:\u00a028-32 strony \u2013 wszystkie kolorowe.<\/p>\n<p>W zwi\u0105zku z pog\u0142\u0119biaj\u0105cym si\u0119 zagro\u017ceniem rozprzestrzeniania si\u0119 koronawirusa SARS-CoV-2, w trosce o zdrowie i bezpiecze\u0144stwo zar\u00f3wno Czytelnik\u00f3w, ich rodzin, jak i pracownik\u00f3w \u2013 27 marca 2020 r. zmienili\u015bmy zasady pracy. Przy\u0142\u0105czyli\u015bmy si\u0119 do akcji #zostanwdomu i pracujemy zdalnie. Kolejne wydania \u201eNoworudzianina\u201d ukazywa\u0142y si\u0119 wy\u0142\u0105cznie w wersji elektronicznej (pdf) do pobrania za darmo z www.noworudzianin.pl. To wszystko w trosce o bezpiecze\u0144stwo i zdrowie w kontek\u015bcie szerz\u0105cego si\u0119 zagro\u017cenia zara\u017cenia si\u0119 koronawirusem.<\/p>\n<p>Te ponad 9 wymagaj\u0105cych lat, to r\u00f3wnie\u017c czas zawi\u0105zywania si\u0119 znajomo\u015bci, przyja\u017ani, a tak\u017ce wystawiania ich na pr\u00f3b\u0119. Przede wszystkim by\u0142 to czas bezcennej nauki. Pewnie niekt\u00f3re rzeczy mogli\u015bmy zrobi\u0107 lepiej, a wielu nie zd\u0105\u017cyli\u015bmy zrobi\u0107 w og\u00f3le\u2026<\/p>\n<p>Wydanie z 25 grudnia 2020 r. by\u0142o ostatnim w formie elektronicznej. Pow\u00f3d zmian jest oczywisty: Internet. Dlatego przenie\u015bli\u015bmy si\u0119 (wy\u0142\u0105cznie) do sieci. Ka\u017cdy \u2013 cho\u0107by na smartfonie \u2013 ma wygodny dost\u0119p z niemal ka\u017cdego miejsca na \u015bwiecie do tre\u015bci publikowanych na naszym portalu <a href=\"http:\/\/www.noworudzianin.pl\" rel=\"noopener\" target=\"_blank\">www.noworudzianin.pl<\/a>.<\/p>\n","protected":false},"excerpt":{"rendered":"<p>\u201eNoworudzianin&#8221; \u2013 tygodnik ziemi noworudzko-radkowskiej, ukazywa\u0142 si\u0119 od 9 listopada 2011 roku do 25 grudnia 2020 r. na terenie trzech<\/p>\n","protected":false},"author":4,"featured_media":0,"parent":0,"menu_order":0,"comment_status":"closed","ping_status":"open","template":"","meta":{"om_disable_all_campaigns":false,"_monsterinsights_skip_tracking":false,"_monsterinsights_sitenote_active":false,"_monsterinsights_sitenote_note":"","_monsterinsights_sitenote_category":0,"_uf_show_specific_survey":0,"_uf_disable_surveys":false,"footnotes":""},"aioseo_notices":[],"amp_enabled":true,"_links":{"self":[{"href":"https:\/\/www.noworudzianin.pl\/WWW\/wp-json\/wp\/v2\/pages\/2"}],"collection":[{"href":"https:\/\/www.noworudzianin.pl\/WWW\/wp-json\/wp\/v2\/pages"}],"about":[{"href":"https:\/\/www.noworudzianin.pl\/WWW\/wp-json\/wp\/v2\/types\/page"}],"author":[{"embeddable":true,"href":"https:\/\/www.noworudzianin.pl\/WWW\/wp-json\/wp\/v2\/users\/4"}],"replies":[{"embeddable":true,"href":"https:\/\/www.noworudzianin.pl\/WWW\/wp-json\/wp\/v2\/comments?post=2"}],"version-history":[{"count":18,"href":"https:\/\/www.noworudzianin.pl\/WWW\/wp-json\/wp\/v2\/pages\/2\/revisions"}],"predecessor-version":[{"id":25405,"href":"https:\/\/www.noworudzianin.pl\/WWW\/wp-json\/wp\/v2\/pages\/2\/revisions\/25405"}],"wp:attachment":[{"href":"https:\/\/www.noworudzianin.pl\/WWW\/wp-json\/wp\/v2\/media?parent=2"}],"curies":[{"name":"wp","href":"https:\/\/api.w.org\/{rel}","templated":true}]}}