{"id":20407,"date":"2020-03-03T08:46:11","date_gmt":"2020-03-03T07:46:11","guid":{"rendered":"https:\/\/www.noworudzianin.pl\/WWW\/?page_id=20407"},"modified":"2020-03-03T08:46:11","modified_gmt":"2020-03-03T07:46:11","slug":"biada-biednym","status":"publish","type":"page","link":"https:\/\/www.noworudzianin.pl\/WWW\/felieton\/stanislaw-lukasik\/biada-biednym\/","title":{"rendered":"Biada biednym"},"content":{"rendered":"<p>Polityk\u0119 anty\u017cydowsk\u0105 realizowali Niemcy w trzech etapach. Po przej\u0119ciu pe\u0142ni w\u0142adzy przez Hitlera w 1933, na drodze w pe\u0142ni demokratycznych procedur, rozpocz\u0105\u0142 si\u0119 etap pierwszy zmierzaj\u0105cy do nak\u0142onienia \u017byd\u00f3w (oko\u0142o 560 tys.), do dobrowolnego opuszczenia Niemiec, stosuj\u0105c bojkot przedsi\u0119biorstw \u017cydowskich, instytucji handlowych i us\u0142ugowych. Od wprowadzenia tzw. ustaw norymberskich, kt\u00f3re bardzo mocno ogranicza\u0142y prawa publiczne dla \u017byd\u00f3w, a dotyczy\u0142y obywatelstwa, zatrudnienia, czy zwi\u0105zk\u00f3w ma\u0142\u017ce\u0144skich, akcje antysemickie przybra\u0142y na sile, a szczeg\u00f3lnie niebezpieczne by\u0142y ataki boj\u00f3wkarzy spod znaku SA. Prze\u0142om nast\u0105pi\u0142 w 1938 gdy Niemcy wprowadzili ustawy \u201earyzacyjne\u201d, zmuszaj\u0105c \u017byd\u00f3w do pozbywania si\u0119 przedsi\u0119biorstw, udzia\u0142\u00f3w w sp\u00f3\u0142kach i nieruchomo\u015bci, na rzecz pa\u0144stwa i Aryjczyk\u00f3w, a kulminacj\u0105 by\u0142a \u201enoc kryszta\u0142owa\u201d  9 listopada 1938 roku, gdy podczas pogrom\u00f3w zgin\u0119\u0142o kilkadziesi\u0105t os\u00f3b narodowo\u015bci \u017cydowskiej i zniszczono tysi\u0105ce lokali. Efektem tych akcji by\u0142a emigracja ponad 270 tys. \u017byd\u00f3w do Palestyny, Francji, Anglii i Polski. W\u0142adze III Rzeszy wszelkimi sposobami \u201ezach\u0119ca\u0142y\u201d \u017byd\u00f3w do wyjazdu, ale dla wyje\u017cd\u017caj\u0105cych by\u0142o to przedsi\u0119wzi\u0119cie bardzo kosztowne. Nale\u017ca\u0142o si\u0119 pozby\u0107 wszelkiej w\u0142asno\u015bci i to nie po cenach rynkowych a narzuconych, op\u0142aci\u0107 koszty przejazdu i zap\u0142aci\u0107 Rzeszy tzw. \u201epodatek od ucieczki z Rzeszy\u201d. Na taki luksus sta\u0107 by\u0142o tylko najbogatszych i tylko tacy mogli uzyska\u0107 zezwolenie na osiedlenie np. w USA. Tam z otwartymi r\u0119kami przyjmowali naukowc\u00f3w, wynalazc\u00f3w, czy bankier\u00f3w. Dla Lewk\u00f3w, Ick\u00f3w zajmuj\u0105cych si\u0119 krawiectwem miejsca nie by\u0142o. Przyj\u0119cie oko\u0142o tysi\u0105ca \u017byd\u00f3w, kt\u00f3rzy przeznaczyli ca\u0142y sw\u00f3j maj\u0105tek na kupno biletu na statek \u201eSt. Louis\u201d by w czerwcu 1939 roku wyjecha\u0107 z Niemiec do Ameryki, przekracza\u0142o mo\u017cliwo\u015bci bud\u017cetowe tego mocarstwa. Zostali oni odes\u0142ani do Europy i wielu trafi\u0142o do kom\u00f3r gazowych. Taki kosztorys ucieczki do raju t\u0142umaczy dlaczego oko\u0142o 300 tys. \u017byd\u00f3w pozosta\u0142o w dotychczasowej ojczy\u017anie, kt\u00f3ra gotowa\u0142a im Birkenau, Treblink\u0119, Sobib\u00f3r czy Majdanek. Ci doczekali trzeciego etapu, czyli Ostatecznego Rozwi\u0105zania problemu \u017cydowskiego, realizowanego przez Niemcy od pocz\u0105tku 1942 roku. Vae victis \u2013 biada pokonanym, us\u0142yszeli Rzymianie od zwyci\u0119skiego wodza Gall\u00f3w, biada biednym \u2013 dopowiada \u017cycie. Gdy w 1939 roku w Austrii i Czechach zacz\u0119\u0142y obowi\u0105zywa\u0107 niemieckie ustawy \u201earyzacyjne\u201d i pada\u0142y tamtejsze \u017cydowskie firmy z bran\u017cy galanterii sk\u00f3rzanej, otworzy\u0142 si\u0119 rynek dla firm polskich \u017byd\u00f3w dzia\u0142aj\u0105cych w tej bran\u017cy. Przebywaj\u0105ca w USA polska delegacja handlowa zwr\u00f3ci\u0142a si\u0119 do tamtejszej organizacji \u017cydowskiej &#8211; Joint z pro\u015bb\u0105 o pomoc finansow\u0105 na rozw\u00f3j firm polskich \u017byd\u00f3w. Owszem, Joint mo\u017ce da\u0107 10-15 milion\u00f3w $, wszak\u017ce pod warunkiem, \u017ce rz\u0105d Polski nie dopu\u015bci do emigracji do USA polskich \u201e\u017byd\u00f3w kapotowych\u201d, czyli biedoty &#8211; us\u0142yszeli przedstawiciele delegacji, co zapisa\u0142 Jerzy Giedroy\u0107, jeden z uczestnik\u00f3w polskiej ekipy (Autobiografia na cztery r\u0119ce &#8211; str.67). Jako argument \u017cydowscy dzia\u0142acze, \u017cydowskiej organizacji charytatywnej znanej z pomocy \u017bydom na ca\u0142ym \u015bwiecie podali, \u017ce \u201e\u017bydzi kapotowi\u201d pobudzaj\u0105 antysemityzm w Stanach Zjednoczonych. Najczarniejsze my\u015bli przychodz\u0105 do g\u0142owy, z selekcj\u0105 w\u0142\u0105cznie &#8211; elity przetrwa\u0142y. W\u015br\u00f3d tych czarnych my\u015bli przychodzi por\u00f3wnanie z dziejami Polski i Polak\u00f3w. Pocz\u0105wszy od Konfederacji Barskiej, przez wszystkie powstania i trzy wojny, w tym dwie \u015bwiatowe \u2013 tracili\u015bmy w\u0142a\u015bnie elity. Reszt\u0119 dokona\u0142 terror stalinowski poprzez fizyczn\u0105 likwidacj\u0119 tych kt\u00f3rym uda\u0142o si\u0119 prze\u017cy\u0107 i \u0142amanie kr\u0119gos\u0142up\u00f3w moralnych pokoleniom powojennym. Skutki takiej polityki widzimy dzisiaj por\u00f3wnuj\u0105c rol\u0119 \u017byd\u00f3w i Izraela w polityce \u015bwiatowej z miejscem III RP. Stanis\u0142aw \u0141ukasik<br \/>\n<a href=\"http:\/\/www.noworudzianin.pl\/WWW\/wp-content\/uploads\/2017\/02\/Stanis\u0142aw-\u0141ukasik-150x150.jpg\"><img loading=\"lazy\" decoding=\"async\" class=\"alignnone wp-image-2392 size-thumbnail\" src=\"http:\/\/www.noworudzianin.pl\/WWW\/wp-content\/uploads\/2017\/02\/Stanis\u0142aw-\u0141ukasik-150x150.jpg\" width=\"150\" height=\"150\" \/><\/a><\/p>\n<p>POZOSTA\u0141E FELIETONY STANIS\u0141AWA \u0141UKASIKA ><a href=\"https:\/\/www.noworudzianin.pl\/WWW\/felieton\/stanislaw-lukasik\/\" rel=\"noopener noreferrer\" target=\"_blank\">TUTAJ<\/a><\n<\/p>\n","protected":false},"excerpt":{"rendered":"<p>Polityk\u0119 anty\u017cydowsk\u0105 realizowali Niemcy w trzech etapach. Po przej\u0119ciu pe\u0142ni w\u0142adzy przez Hitlera w 1933, na drodze w pe\u0142ni demokratycznych<\/p>\n","protected":false},"author":4,"featured_media":20408,"parent":5309,"menu_order":0,"comment_status":"closed","ping_status":"closed","template":"","meta":{"om_disable_all_campaigns":false,"_monsterinsights_skip_tracking":false,"_monsterinsights_sitenote_active":false,"_monsterinsights_sitenote_note":"","_monsterinsights_sitenote_category":0,"_uf_show_specific_survey":0,"_uf_disable_surveys":false,"footnotes":""},"aioseo_notices":[],"amp_enabled":true,"_links":{"self":[{"href":"https:\/\/www.noworudzianin.pl\/WWW\/wp-json\/wp\/v2\/pages\/20407"}],"collection":[{"href":"https:\/\/www.noworudzianin.pl\/WWW\/wp-json\/wp\/v2\/pages"}],"about":[{"href":"https:\/\/www.noworudzianin.pl\/WWW\/wp-json\/wp\/v2\/types\/page"}],"author":[{"embeddable":true,"href":"https:\/\/www.noworudzianin.pl\/WWW\/wp-json\/wp\/v2\/users\/4"}],"replies":[{"embeddable":true,"href":"https:\/\/www.noworudzianin.pl\/WWW\/wp-json\/wp\/v2\/comments?post=20407"}],"version-history":[{"count":1,"href":"https:\/\/www.noworudzianin.pl\/WWW\/wp-json\/wp\/v2\/pages\/20407\/revisions"}],"predecessor-version":[{"id":20410,"href":"https:\/\/www.noworudzianin.pl\/WWW\/wp-json\/wp\/v2\/pages\/20407\/revisions\/20410"}],"up":[{"embeddable":true,"href":"https:\/\/www.noworudzianin.pl\/WWW\/wp-json\/wp\/v2\/pages\/5309"}],"wp:featuredmedia":[{"embeddable":true,"href":"https:\/\/www.noworudzianin.pl\/WWW\/wp-json\/wp\/v2\/media\/20408"}],"wp:attachment":[{"href":"https:\/\/www.noworudzianin.pl\/WWW\/wp-json\/wp\/v2\/media?parent=20407"}],"curies":[{"name":"wp","href":"https:\/\/api.w.org\/{rel}","templated":true}]}}