{"id":20908,"date":"2020-03-27T08:41:18","date_gmt":"2020-03-27T07:41:18","guid":{"rendered":"https:\/\/www.noworudzianin.pl\/WWW\/?page_id=20908"},"modified":"2020-03-27T08:41:18","modified_gmt":"2020-03-27T07:41:18","slug":"polska-rosja-tajemnicze-poczatki","status":"publish","type":"page","link":"https:\/\/www.noworudzianin.pl\/WWW\/felieton\/stanislaw-lukasik\/polska-rosja-tajemnicze-poczatki\/","title":{"rendered":"Polska Rosja, tajemnicze pocz\u0105tki"},"content":{"rendered":"<p>Obecne stosunki z Polsk\u0105 s\u0105 najgorsze od zako\u0144czenia II wojny \u015bwiatowej &#8211; powiada rosyjski ambasador w Warszawie. Na co polska ambasada w Moskwie odpowiada &#8211; obecne relacje polsko \u2013 rosyjskie s\u0105 lepsze, ni\u017c w momencie zako\u0144czenia II wojny, bo teraz na terenie Polski nie ma radzieckich wojsk. Zak\u0142adam, \u017ce w najlepszych szko\u0142ach dla dyplomat\u00f3w na ca\u0142ym \u015bwiecie dialog ten b\u0119d\u0105 stawia\u0107 za wz\u00f3r niezwykle \u201ewysublimowanego j\u0119zyka dyplomatycznego\u201d. W tych gorszych, jako przyk\u0142ad ok\u0142adania si\u0119 cepami. No c\u00f3\u017c, s\u0105 dwie szko\u0142y. Domy\u015blam si\u0119, \u017ce wypowiedzi dyplomat\u00f3w s\u0105 jedn\u0105 z form polsko \u2013 rosyjskiej wojny na s\u0142owa, a dla mnie okazja \u017ceby pogaw\u0119dzi\u0107 o stosunkach Starych Polak\u00f3w z Rusi\u0105 i Rusinami, z Wielkorusami, Rosjanami, Sowietami i znowu z Rosjanami. Na to s\u0105siedztwo jeste\u015bmy skazani, bez wzgl\u0119du na to, jak ci na wschodzie aktualnie b\u0119d\u0105 si\u0119 nazywa\u0107. W latach siedemdziesi\u0105tych ubieg\u0142ego wieku kr\u0105\u017cy\u0142a anegdota o w\u0119dkarzu co to w Bugu z\u0142apa\u0142 z\u0142ot\u0105 rybk\u0119. Wiadomo, przedstawi\u0142 jej trzy \u017cyczenia: pierwsze &#8211; \u017ceby do Bugu przyszli Chi\u0144czycy, drugie \u2013 \u017ceby do Bugu przyszli Chi\u0144czycy, trzecie \u2013 \u017ceby do Bugu przyszli Chi\u0144czycy, a zdziwionej rybce wyt\u0142umaczy\u0142 \u2013 bo wtedy sze\u015b\u0107 razy przejd\u0105 przez Zwi\u0105zek Sowiecki. Dzisiaj raczej nie wybieraj\u0105 si\u0119 do Bugu, ale marz\u0105 o tym  aby przekroczy\u0107 Amur i zasiedli\u0107 dawne chi\u0144skie ziemie, od 160 lat nale\u017c\u0105ce do Rosji.  Mo\u017ce te\u017c licz\u0105 na z\u0142ot\u0105 rybk\u0119, ale to ju\u017c ca\u0142kiem inna bajka. Na d\u0142ugie zimowe (hm, zimowe?) wieczory, mam kilka gaw\u0119d o naszym s\u0105siedztwie od czas\u00f3w najdawniejszych  zaczynaj\u0105c, czyli od IX wieku, kiedy niemal jednocze\u015bnie powstawa\u0142y Polska i Ru\u015b Kijowska. Nasze zapisane historie wtedy si\u0119 w\u0142a\u015bnie zaczynaj\u0105. Zapisane, to mo\u017ce zbyt du\u017co powiedziane, bo te zapisy ograniczaj\u0105 si\u0119 do wzmianek u r\u00f3\u017cnych kronikarzy. M\u00f3wi\u0119 o historii, a nie o mitach i legendach zapisanych przez mistrza Wincentego zwanego Kad\u0142ubkiem na prze\u0142omie XII i XIII wieku, w kt\u00f3rych to nasi przodkowie bijali Aleksandra Macedo\u0144skiego i Rzymian. Dzisiaj mity kad\u0142ubkowe s\u0142u\u017c\u0105 jako \u017ar\u00f3d\u0142a dla fantast\u00f3w w ich radosnej tw\u00f3rczo\u015bci o mocarstwowych imperiach Lechit\u00f3w. Przejd\u017amy do rzeczy. Od zarania tych dw\u00f3ch S\u0142owia\u0144skich pa\u0144stw istnia\u0142y konflikty i najcz\u0119\u015bciej rozwi\u0105zywane by\u0142y na polach bitewnych. Polacy i Rusini porozumiewali si\u0119 w\u00f3wczas bez pomocy t\u0142umaczy poniewa\u017c pos\u0142ugiwali si\u0119 j\u0119zykami bardzo podobnymi, jeszcze nie tak odleg\u0142ymi jak wsp\u00f3\u0142czesne, to jednak miecze bywa\u0142y szybsze od s\u0142\u00f3w. W jednym tylko nasze najdawniejsze historie s\u0105 podobne, a mianowicie: nie wyja\u015bniaj\u0105 jak powsta\u0142y nasze  pa\u0144stwa. Z \u0142atwo\u015bci\u0105 przyjmujemy, \u017ce za\u0142o\u017cycielami Rusi Kijowskiej byli Waregowie, przybysze ze Skandynawii, co opisuje Nestor w Powie\u015bci minionych lat. W 862 roku plemiona s\u0142owia\u0144skie sk\u0142\u00f3ci\u0142y si\u0119 ze sob\u0105 i zacz\u0119\u0142y si\u0119 niesnaski i wojny domowe. I w\u00f3wczas mieszka\u0144cy ziemi nowogrodzkiej zwr\u00f3cili si\u0119 do zamorskiego w\u0142adcy z pro\u015bb\u0105: \u201eZiemia nasza jest wielka i bogata, ale nie ma porz\u0105dku (\u2026) B\u0105d\u017a naszym ksi\u0119ciem i w\u0142adaj nami\u201d (Micha\u0142 Haller \u2013 Historia Imperium Rosyjskiego). Na ziemie S\u0142owian wyruszyli w\u00f3wczas Waregowie dowodzeni przez Ruryka, kt\u00f3ry utworzy\u0142 pa\u0144stwo w kt\u00f3rym jego potomkowie (Rurykowicze) panowali na Rusi do ko\u0144ca XVI wieku. Oczywi\u015bcie historiografia sowiecka odrzuca\u0142a tak\u0105 opowie\u015b\u0107, uznaj\u0105c j\u0105 za niezgodn\u0105 z materializmem historycznym, a tylko taka metodologia by\u0142a poprawna. Nas w szko\u0142ach te\u017c uczono, \u017ce Piast ko\u0142odziej i jego nast\u0119pcy doprowadzili do rozkwitu plemiona Polan, a najwybitniejszy z nich \u2013 Mieszko, dla skuteczniejszej obrony przed germa\u0144skim  parciem na wsch\u00f3d, zjednoczy\u0142 wszystkie plemiona mi\u0119dzy Odr\u0105 i Bugiem i utworzy\u0142 pa\u0144stwo polskie. Oczywi\u015bcie istnia\u0142y inne teorie wed\u0142ug kt\u00f3rych pa\u0144stwo polskie by\u0142o efektem najazdu zewn\u0119trznego, a naje\u017ad\u017acami mieli by\u0107 Sarmaci, albo Lechici, a ich pochodzenia szukano w Dacji albo w Skandynawii. Na Skandynawi\u0119 wskazuje streszczenie dokumentu \u201eDagome iudex\u201d, z ko\u0144ca X wieku, wystawionego dla papie\u017ca przez polskiego w\u0142adc\u0119 zwanego \u2013 Dago. Mocno musieli si\u0119 wysili\u0107 historycy \u017ceby udowodni\u0107, \u017ce Dago to takie s\u0142owia\u0144skie imi\u0119, a byli i tacy kt\u00f3rym si\u0119 ta sztuka powiod\u0142a. W teorii czynnika zewn\u0119trznego, jako si\u0142y sprawczej w powstawaniu naszych pa\u0144stw z\u0142o\u015bliwcy dopatrz\u0105 si\u0119 istotnej  r\u00f3\u017cnicy \u2013 u nas najazd, a u Ruskich \u2013 na zaproszenie, czyli \u201epa dobrowolnemu\u201d. Stanis\u0142aw \u0141ukasik<br \/>\n<a href=\"http:\/\/www.noworudzianin.pl\/WWW\/wp-content\/uploads\/2017\/02\/Stanis\u0142aw-\u0141ukasik-150x150.jpg\"><img loading=\"lazy\" decoding=\"async\" class=\"alignnone wp-image-2392 size-thumbnail\" src=\"http:\/\/www.noworudzianin.pl\/WWW\/wp-content\/uploads\/2017\/02\/Stanis\u0142aw-\u0141ukasik-150x150.jpg\" width=\"150\" height=\"150\" \/><\/a><\/p>\n<p>POZOSTA\u0141E FELIETONY STANIS\u0141AWA \u0141UKASIKA ><a href=\"https:\/\/www.noworudzianin.pl\/WWW\/felieton\/stanislaw-lukasik\/\" rel=\"noopener noreferrer\" target=\"_blank\">TUTAJ<\/a>< \n<\/p>\n","protected":false},"excerpt":{"rendered":"<p>Obecne stosunki z Polsk\u0105 s\u0105 najgorsze od zako\u0144czenia II wojny \u015bwiatowej &#8211; powiada rosyjski ambasador w Warszawie. Na co polska<\/p>\n","protected":false},"author":4,"featured_media":20909,"parent":5309,"menu_order":0,"comment_status":"closed","ping_status":"closed","template":"","meta":{"om_disable_all_campaigns":false,"_monsterinsights_skip_tracking":false,"_monsterinsights_sitenote_active":false,"_monsterinsights_sitenote_note":"","_monsterinsights_sitenote_category":0,"_uf_show_specific_survey":0,"_uf_disable_surveys":false,"footnotes":""},"aioseo_notices":[],"amp_enabled":true,"_links":{"self":[{"href":"https:\/\/www.noworudzianin.pl\/WWW\/wp-json\/wp\/v2\/pages\/20908"}],"collection":[{"href":"https:\/\/www.noworudzianin.pl\/WWW\/wp-json\/wp\/v2\/pages"}],"about":[{"href":"https:\/\/www.noworudzianin.pl\/WWW\/wp-json\/wp\/v2\/types\/page"}],"author":[{"embeddable":true,"href":"https:\/\/www.noworudzianin.pl\/WWW\/wp-json\/wp\/v2\/users\/4"}],"replies":[{"embeddable":true,"href":"https:\/\/www.noworudzianin.pl\/WWW\/wp-json\/wp\/v2\/comments?post=20908"}],"version-history":[{"count":1,"href":"https:\/\/www.noworudzianin.pl\/WWW\/wp-json\/wp\/v2\/pages\/20908\/revisions"}],"predecessor-version":[{"id":20910,"href":"https:\/\/www.noworudzianin.pl\/WWW\/wp-json\/wp\/v2\/pages\/20908\/revisions\/20910"}],"up":[{"embeddable":true,"href":"https:\/\/www.noworudzianin.pl\/WWW\/wp-json\/wp\/v2\/pages\/5309"}],"wp:featuredmedia":[{"embeddable":true,"href":"https:\/\/www.noworudzianin.pl\/WWW\/wp-json\/wp\/v2\/media\/20909"}],"wp:attachment":[{"href":"https:\/\/www.noworudzianin.pl\/WWW\/wp-json\/wp\/v2\/media?parent=20908"}],"curies":[{"name":"wp","href":"https:\/\/api.w.org\/{rel}","templated":true}]}}