{"id":24066,"date":"2021-01-14T18:26:37","date_gmt":"2021-01-14T17:26:37","guid":{"rendered":"https:\/\/www.noworudzianin.pl\/WWW\/?page_id=24066"},"modified":"2021-01-14T18:26:37","modified_gmt":"2021-01-14T17:26:37","slug":"grunwald-proba-generalna","status":"publish","type":"page","link":"https:\/\/www.noworudzianin.pl\/WWW\/felieton\/stanislaw-lukasik\/grunwald-proba-generalna\/","title":{"rendered":"Grunwald pr\u00f3b\u0105 generaln\u0105"},"content":{"rendered":"<p>Najwi\u0119ksza bitwa \u015bredniowiecznej Europy, Pogrom zakonu krzy\u017cackiego, Rozbita w py\u0142 krzy\u017cacka zawierucha i setki podobnych tytu\u0142\u00f3w mogli\u015bmy przeczyta\u0107 w pracach opisuj\u0105cych bitw\u0119 pod Grunwaldem. Zakon niew\u0105tpliwie by\u0142 pot\u0119g\u0105 militarn\u0105 i dysponowa\u0142 niezb\u0119dnymi warunkami do prowadzenia wojen, czyli pe\u0142nym skarbcem. Tworz\u0105c mity o Litwinach, jako nieprawdziwych chrze\u015bcijanach przyci\u0105ga\u0142 ochocze na udzia\u0142 w krucjatach rycerstwo europejskie i powodowa\u0142, \u017ce bogobojni Europejczycy dla odpust\u00f3w r\u00f3wnie\u017c finansowo ch\u0119tnie wspomagali krzewicieli chrze\u015bcija\u0144stwa, a ponadto Krzy\u017cacy korzystali z poparcia papiestwa i cesarza niemieckiego. Je\u017celi pod Grunwaldem leg\u0142a krzy\u017cacka pot\u0119ga to musia\u0142a si\u0119 spotka\u0107 z \u201eg\u00f3r\u0105 lodow\u0105\u201d, a t\u0105 g\u00f3r\u0105 by\u0142a Polska z\u0142\u0105czona uni\u0105 z Litw\u0105. Czy jednak ten zwi\u0105zek, kt\u00f3ry zdawa\u0142 si\u0119 by\u0107 oczywist\u0105 podwalin\u0105 mocarstwa takie mocarstwo zbudowa\u0142? \u2013 a to ju\u017c budzi powa\u017cne w\u0105tpliwo\u015bci. Po Grunwaldzie wi\u0119kszo\u015b\u0107 miast w pa\u0144stwie zakonnym z ludno\u015bci\u0105 niemieck\u0105, w tym najwi\u0119ksze: Gda\u0144sk, Toru\u0144 i Elbl\u0105g dobrowolnie podda\u0142y si\u0119 kr\u00f3lowi Polski, tak serdecznie mia\u0142y do\u015b\u0107 krzy\u017cackiej buty, gwa\u0142t\u00f3w i wyzysku. Je\u017celi wojska Jagie\u0142\u0142y rozbijaj\u0105c w py\u0142 wojska krzy\u017cackie pod Grunwaldem nie mog\u0142y zdoby\u0107 Malborka, ostatniego bastionu krzy\u017cactwa pruskiego, opuszczonego przez poddanych uzasadnia przypuszczenie, \u017ce w wyniku unii powsta\u0142o \u201emocarstwo jak si\u0119 patrzy\u201d. Malbork by\u0142 wprawdzie najpot\u0119\u017cniejsz\u0105 twierdz\u0105 w Europie i raczej trudno by\u0142oby zdoby\u0107 go szar\u017c\u0105 polskiego rycerstwa, a artyleria, jak\u0105 Jagie\u0142\u0142o dysponowa\u0142 niewielkie szkody czyni\u0142a krzy\u017cackiej warowni. Czterdzie\u015bci dwa lata p\u00f3\u017aniej, syn Jagie\u0142\u0142y zaj\u0105\u0142 t\u0119 niezdobyt\u0105 warowni\u0119 i to nie polskie rycerstwo kopiami rozbi\u0142o bramy, ani artyleria rozwali\u0142a mury \u2013 za or\u0119\u017c pos\u0142u\u017cy\u0142y talary. Po prostu wyp\u0142aci\u0142 zaleg\u0142y \u017co\u0142d za\u0142odze twierdzy, bo wielki mistrz utraci\u0142 niezb\u0119dne warunki do prowadzenia wojny, czyli w odr\u00f3\u017cnieniu od poprzednik\u00f3w, mia\u0142 pust\u0105 kas\u0119. Na temat przyczyn tragicznej w skutkach pora\u017cki pod Malborkiem historycy prezentuj\u0105 tak bardzo rozbie\u017cne stanowiska, jak \u2013 nie przymierzaj\u0105c \u2013 wsp\u00f3\u0142cze\u015bni prawnicy, a nawet konstytucjonali\u015bci w sprawie wybor\u00f3w prezydenta RP, AD 2020. Historykom nic nie grozi, a nad prawnikami i wyborcami gro\u017anie zawis\u0142 ostrzegaj\u0105cy palec prezesa. (Pisane 28.05.2020) Historycy s\u0105 zgodni, \u017ce zdobycie zamku by\u0142o niezwykle trudne, to jednak dla mocarstwa osi\u0105galne pod warunkiem, \u017ce spe\u0142nia napoleo\u0144skie warunki umo\u017cliwiaj\u0105ce prowadzenie wojny, czyli pieni\u0105dze. Pospolite ruszenie rycerskie niezbyt nadawa\u0142o si\u0119 do prowadzenia d\u0142ugotrwa\u0142ego obl\u0119\u017cenia, a pieni\u0119dzy na wojska zaci\u0119\u017cne kr\u00f3l nie posiada\u0142. Zachodzi pytanie \u2013 czy rzeczywi\u015bcie chcia\u0142 ten zamek zdoby\u0107? Post\u0119powanie tego Litwina na polskim tronie jest, co najmniej dziwne. Rozpoczynaj\u0105c wojn\u0119 z zakonem, jako cel stawia\u0142 odzyskanie ziemi dobrzy\u0144skiej dla Korony i \u017bmudzi dla Litwy, a nie zniszczenie pa\u0144stwa krzy\u017cackiego, co mog\u0142o nast\u0105pi\u0107 po zdobyciu Malborka. Gdy podczas obl\u0119\u017cenia komtur Henryk von Plauen (nie wiem na ile szczerze i czy mia\u0142 do tego prawo) zaproponowa\u0142 oddanie Pomorza Gda\u0144skiego, ziemi micha\u0142owskiej, dobrzy\u0144skiej i \u017bmudzi, kr\u00f3l odm\u00f3wi\u0142, co wskazywa\u0107 by mog\u0142o, \u017ce nagle jego celem by\u0142o ca\u0142kowite rozbicie pa\u0144stwa zakonnego w Prusach. Co go jednak powstrzyma\u0142o? \u2013 oto jest pytanie! Wed\u0142ug D\u0142ugosza i wielu jego nast\u0119pc\u00f3w pe\u0142ne zwyci\u0119stwo znacznie wzmacnia\u0142oby Koron\u0119 i panowie koronni mogliby si\u0119gn\u0105\u0107 po dokument le\u017c\u0105cy w kancelarii kr\u00f3lewskiej odczyta\u0107 zapis \u201eaplikare\u201d, co mo\u017ce znaczy\u0107 \u2013 w\u0142\u0105czenie Litwy do Korony Kr\u00f3lestwa Polskiego. A tego Litwini bardzo nie chcieli. Grunwald by\u0142 sprawdzianem fundament\u00f3w mocarstwowo\u015bci budowli powstaj\u0105cej na podstawie unii zawartej w Krewie. Mam nadziej\u0119, \u017ce podczas \u015bwi\u0119towania okr\u0105g\u0142ej rocznicy bitwy wielce uczeni m\u0119\u017cowie, a szczeg\u00f3lnie politycy od nowej polityki historycznej, a na tych licz\u0119 szczeg\u00f3lnie, rzuc\u0105 nowy snop \u015bwiat\u0142a na te w\u0105tpliwo\u015bci.<\/p>\n<p style=\"text-align: right;\"><strong><em>Stanis\u0142aw \u0141ukasik<\/em><\/strong><\/p>\n<p style=\"text-align: left;\"><a href=\"http:\/\/www.noworudzianin.pl\/WWW\/wp-content\/uploads\/2017\/02\/Stanis\u0142aw-\u0141ukasik-150x150.jpg\"><img loading=\"lazy\" decoding=\"async\" class=\"alignnone wp-image-2392 size-thumbnail\" src=\"http:\/\/www.noworudzianin.pl\/WWW\/wp-content\/uploads\/2017\/02\/Stanis\u0142aw-\u0141ukasik-150x150.jpg\" width=\"150\" height=\"150\" \/><\/a><\/p>\n<p><strong>Pozosta\u0142e felietony Stanis\u0142awa \u0141ukasika<\/strong> &gt;<a href=\"https:\/\/www.noworudzianin.pl\/WWW\/felieton\/stanislaw-lukasik\/\" target=\"_blank\" rel=\"noopener noreferrer\"><strong>TUTAJ<\/strong><\/a>&lt;<\/p>\n","protected":false},"excerpt":{"rendered":"<p>Najwi\u0119ksza bitwa \u015bredniowiecznej Europy, Pogrom zakonu krzy\u017cackiego, Rozbita w py\u0142 krzy\u017cacka zawierucha i setki podobnych tytu\u0142\u00f3w mogli\u015bmy przeczyta\u0107 w pracach<\/p>\n","protected":false},"author":6,"featured_media":0,"parent":5309,"menu_order":0,"comment_status":"closed","ping_status":"closed","template":"","meta":{"om_disable_all_campaigns":false,"_monsterinsights_skip_tracking":false,"_monsterinsights_sitenote_active":false,"_monsterinsights_sitenote_note":"","_monsterinsights_sitenote_category":0,"_uf_show_specific_survey":0,"_uf_disable_surveys":false,"footnotes":""},"aioseo_notices":[],"amp_enabled":true,"_links":{"self":[{"href":"https:\/\/www.noworudzianin.pl\/WWW\/wp-json\/wp\/v2\/pages\/24066"}],"collection":[{"href":"https:\/\/www.noworudzianin.pl\/WWW\/wp-json\/wp\/v2\/pages"}],"about":[{"href":"https:\/\/www.noworudzianin.pl\/WWW\/wp-json\/wp\/v2\/types\/page"}],"author":[{"embeddable":true,"href":"https:\/\/www.noworudzianin.pl\/WWW\/wp-json\/wp\/v2\/users\/6"}],"replies":[{"embeddable":true,"href":"https:\/\/www.noworudzianin.pl\/WWW\/wp-json\/wp\/v2\/comments?post=24066"}],"version-history":[{"count":1,"href":"https:\/\/www.noworudzianin.pl\/WWW\/wp-json\/wp\/v2\/pages\/24066\/revisions"}],"predecessor-version":[{"id":24067,"href":"https:\/\/www.noworudzianin.pl\/WWW\/wp-json\/wp\/v2\/pages\/24066\/revisions\/24067"}],"up":[{"embeddable":true,"href":"https:\/\/www.noworudzianin.pl\/WWW\/wp-json\/wp\/v2\/pages\/5309"}],"wp:attachment":[{"href":"https:\/\/www.noworudzianin.pl\/WWW\/wp-json\/wp\/v2\/media?parent=24066"}],"curies":[{"name":"wp","href":"https:\/\/api.w.org\/{rel}","templated":true}]}}