{"id":24090,"date":"2021-01-15T08:57:04","date_gmt":"2021-01-15T07:57:04","guid":{"rendered":"https:\/\/www.noworudzianin.pl\/WWW\/?page_id=24090"},"modified":"2021-01-15T08:57:04","modified_gmt":"2021-01-15T07:57:04","slug":"cud-mniemany-i-prawdziwy-cud-nad-wisla","status":"publish","type":"page","link":"https:\/\/www.noworudzianin.pl\/WWW\/felieton\/stanislaw-lukasik\/cud-mniemany-i-prawdziwy-cud-nad-wisla\/","title":{"rendered":"Cud mniemany i prawdziwy \u2013 Cud nad Wis\u0142\u0105"},"content":{"rendered":"<p>Po sobotnich uroczysto\u015bciach pewnie ka\u017cdy Polak bezb\u0142\u0119dnie odpowie na pytanie o Cud nad Wis\u0142\u0105. Zacz\u0119\u0142o si\u0119 od artyku\u0142u Stanis\u0142awa Stro\u0144skiego w Rzeczpospolitej z 14 sierpnia 1920 roku, w kt\u00f3rym apelowa\u0142 o powszechn\u0105 modlitw\u0119 o \u201eziszczenie si\u0119 cudu Wis\u0142y\u201d. Has\u0142o podchwycili i wypromowali polityczni przeciwnicy Marsza\u0142ka, \u201ecud a nie w\u00f3dz\u201d, doprowadzi\u0142 do zwyci\u0119stwa pod Warszaw\u0105, a udzia\u0142u Pi\u0142sudskiego w tym nie by\u0142o. Z uporem b\u0119d\u0119 twierdzi\u0142, \u017ce by\u0142 to cud mniemany. Aczkolwiek ruscy \u201ewzi\u0119li w sk\u00f3r\u0119\u201d, to nie za spraw\u0105 si\u0142 nadprzyrodzonych, a w efekcie determinacji ca\u0142ego narodu, znakomitej i pe\u0142nej po\u015bwi\u0119cenia postawie ca\u0142ej armii i znakomitemu dowodzeniu. Za Cud nad Wis\u0142\u0105 uwa\u017cam zdarzenia zasz\u0142e na prze\u0142omie 1918\/1919 roku. Odzyskanie niepodleg\u0142o\u015bci by\u0142o wynikiem dzia\u0142ania wielu czynnik\u00f3w od Polak\u00f3w niezale\u017cnych, ale odbudowa pa\u0144stwa jest niew\u0105tpliwie zas\u0142ug\u0105 naszych ojc\u00f3w, kt\u00f3rzy wykorzystali szans\u0119. \u017beby doceni\u0107 wielko\u015b\u0107 tego zwyci\u0119stwa, nale\u017cy zestawi\u0107 si\u0142y jakimi dysponowa\u0142 nar\u00f3d polski i jego przyw\u00f3dcy, z przeciwno\u015bciami. Elit\u0119 stanowili zwolennicy romantycznego mierzenia si\u0142y na zamiary, a nie zamiaru wed\u0142ug si\u0142, jak i ci, dla kt\u00f3rych wa\u017cniejsze by\u0142o szkie\u0142ko i oko. Socjali\u015bci, narodowcy, ludowcy jak i wszelkiej ma\u015bci konserwaty\u015bci, w tych prze\u0142omowych miesi\u0105cach zdali egzamin z polsko\u015bci. Zacznijmy od przedstawienia przeciwno\u015bci. Ani jednego kilometra pewnej granicy, a na ka\u017cdej rubie\u017cy czyhaj\u0105 s\u0105siedzi. Granic\u0119 z Niemcami mieli ustali\u0107 Sprzymierzeni na konferencji w Pary\u017cu, a tam Polska mia\u0142a niskie notowania. Na p\u00f3\u0142nocnym wschodzie od 2 listopada istnieje Republika Litewska i Litwini nawet nie dopuszczaj\u0105 takiej my\u015bli, \u017ce Wilno nie b\u0119dzie ich stolic\u0105, nawet je\u017celi stanowi\u0105 2% mieszka\u0144c\u00f3w tego miasta. W Galicji Wschodniej Ukrai\u0144cy proklamowali Zachodnioukrai\u0144sk\u0105 Republik\u0119 Ludow\u0105 ze stolic\u0105 we Lwowie z zamiarem w\u0142\u0105czenia Wo\u0142ynia, Che\u0142ma, Przemy\u015bla i \u0141emkowszczyzny po Krynic\u0119. Czesi rozpocz\u0119li sp\u00f3r o Ksi\u0119stwo Cieszy\u0144skie. Wreszcie waga ci\u0119\u017cka \u2013 Rosja Sowiecka. Tu ju\u017c nie chodzi\u0142o tylko o granice, to by\u0142a gra o by\u0107 albo nie by\u0107, dla Polski jak i dla Rosji Sowieckiej. Jednym ze sztandarowych hase\u0142 bolszewik\u00f3w by\u0142o prawo do samostanowienia dla wszystkich narod\u00f3w. Po przej\u0119ciu w\u0142adzy w Rosji bolszewicka Rada Komisarzy Ludowych og\u0142osi\u0142a deklaracj\u0119 przyznaj\u0105c\u0105 wszystkim narodom Rosji prawo do samostanowienia i utworzenia w\u0142asnego pa\u0144stwa. Prawa te przyznawali bolszewicy narodom Europy Wschodniej w roku 1918, gdy te jeszcze by\u0142y pod okupacj\u0105 niemieck\u0105, czyli typowe gruszki na wierzbie. Po kl\u0119sce Niemiec wyja\u015bnili, \u017ce prawo do samostanowienia nale\u017cy rozumie\u0107 jako prawo do \u201esamookre\u015blenia mas pracuj\u0105cych ka\u017cdej narodowo\u015bci\u201d. Gdy litewskie, \u0142otewskie, ukrai\u0144skie czy polskie masy pracuj\u0105ce mia\u0142y k\u0142opoty z samookre\u015bleniem, to bolszewicy migiem \u015bpieszyli z bratni\u0105 pomoc\u0105 w postaci gotowego rz\u0105du wspartego bagnetami krasnoarmiejc\u00f3w. Nowopowstaj\u0105ce pa\u0144stwa (Litwa, \u0141otwa, Estonia, Polska), wed\u0142ug Stalina, stanowi\u0142y \u201ekontrrewolucyjne przepierzenie pomi\u0119dzy rewolucyjnym Zachodem a socjalistyczn\u0105 Rosj\u0105, kt\u00f3re musi by\u0107 usuni\u0119te\u201d. Dla jego usuni\u0119cia w styczniu 1919 roku ruszy\u0142a Armia Czerwona aby militarnie wspom\u00f3c komunist\u00f3w niemieckich i nie\u015b\u0107 na zach\u00f3d \u201e\u017cagiew rewolucji bolszewickiej\u201d. W Turyndze, Bremie, w Bawarii ju\u017c powstawa\u0142y Republiki Sowieckie finansowane przez bolszewik\u00f3w carskimi rublami i rosyjskimi klejnotami. \u0141atwo sobie wyobrazi\u0107, jak wygl\u0105da\u0142aby Europa, gdyby odradzaj\u0105ca si\u0119 Polska by\u0142a \u201eprzepierzeniem\u201d. W tym przypadku Stalin si\u0119 pomyli\u0142, bo Polska okaza\u0142a si\u0119 bastionem o kt\u00f3ry rozbi\u0142y si\u0119 czerwone fale, podczas pierwszej pr\u00f3by budowania Europy Sowieckiej w roku 1919. (cdn.)<\/p>\n<p style=\"text-align: right;\"><strong><em>Stanis\u0142aw \u0141ukasik<\/em><\/strong><\/p>\n<p style=\"text-align: left;\"><a href=\"http:\/\/www.noworudzianin.pl\/WWW\/wp-content\/uploads\/2017\/02\/Stanis\u0142aw-\u0141ukasik-150x150.jpg\"><img loading=\"lazy\" decoding=\"async\" class=\"alignnone wp-image-2392 size-thumbnail\" src=\"http:\/\/www.noworudzianin.pl\/WWW\/wp-content\/uploads\/2017\/02\/Stanis\u0142aw-\u0141ukasik-150x150.jpg\" width=\"150\" height=\"150\" \/><\/a><\/p>\n<p><strong>Pozosta\u0142e felietony Stanis\u0142awa \u0141ukasika<\/strong> &gt;<a href=\"https:\/\/www.noworudzianin.pl\/WWW\/felieton\/stanislaw-lukasik\/\" target=\"_blank\" rel=\"noopener noreferrer\"><strong>TUTAJ<\/strong><\/a>&lt;<\/p>\n","protected":false},"excerpt":{"rendered":"<p>Po sobotnich uroczysto\u015bciach pewnie ka\u017cdy Polak bezb\u0142\u0119dnie odpowie na pytanie o Cud nad Wis\u0142\u0105. Zacz\u0119\u0142o si\u0119 od artyku\u0142u Stanis\u0142awa Stro\u0144skiego<\/p>\n","protected":false},"author":6,"featured_media":0,"parent":5309,"menu_order":0,"comment_status":"closed","ping_status":"closed","template":"","meta":{"om_disable_all_campaigns":false,"_monsterinsights_skip_tracking":false,"_monsterinsights_sitenote_active":false,"_monsterinsights_sitenote_note":"","_monsterinsights_sitenote_category":0,"_uf_show_specific_survey":0,"_uf_disable_surveys":false,"footnotes":""},"aioseo_notices":[],"amp_enabled":true,"_links":{"self":[{"href":"https:\/\/www.noworudzianin.pl\/WWW\/wp-json\/wp\/v2\/pages\/24090"}],"collection":[{"href":"https:\/\/www.noworudzianin.pl\/WWW\/wp-json\/wp\/v2\/pages"}],"about":[{"href":"https:\/\/www.noworudzianin.pl\/WWW\/wp-json\/wp\/v2\/types\/page"}],"author":[{"embeddable":true,"href":"https:\/\/www.noworudzianin.pl\/WWW\/wp-json\/wp\/v2\/users\/6"}],"replies":[{"embeddable":true,"href":"https:\/\/www.noworudzianin.pl\/WWW\/wp-json\/wp\/v2\/comments?post=24090"}],"version-history":[{"count":1,"href":"https:\/\/www.noworudzianin.pl\/WWW\/wp-json\/wp\/v2\/pages\/24090\/revisions"}],"predecessor-version":[{"id":24091,"href":"https:\/\/www.noworudzianin.pl\/WWW\/wp-json\/wp\/v2\/pages\/24090\/revisions\/24091"}],"up":[{"embeddable":true,"href":"https:\/\/www.noworudzianin.pl\/WWW\/wp-json\/wp\/v2\/pages\/5309"}],"wp:attachment":[{"href":"https:\/\/www.noworudzianin.pl\/WWW\/wp-json\/wp\/v2\/media?parent=24090"}],"curies":[{"name":"wp","href":"https:\/\/api.w.org\/{rel}","templated":true}]}}