{"id":24093,"date":"2021-01-15T09:03:21","date_gmt":"2021-01-15T08:03:21","guid":{"rendered":"https:\/\/www.noworudzianin.pl\/WWW\/?page_id=24093"},"modified":"2021-01-15T09:03:21","modified_gmt":"2021-01-15T08:03:21","slug":"prawdziwy-cud-nad-wisla","status":"publish","type":"page","link":"https:\/\/www.noworudzianin.pl\/WWW\/felieton\/stanislaw-lukasik\/prawdziwy-cud-nad-wisla\/","title":{"rendered":"Prawdziwy cud nad Wis\u0142\u0105"},"content":{"rendered":"<p>Zadajmy pytanie, jakie to bastiony tworzy\u0142y twierdz\u0119 o kt\u00f3r\u0105 rozbi\u0142y si\u0119 plany sowietyzacji Europy snute przez Lenina, Trockiego czy Stalina od 1918 roku. Don\u017conem tej twierdzy by\u0142a tkwi\u0105ca w narodzie polskim, podtrzymywana przez elity, wola wybicia si\u0119 na niepodleg\u0142o\u015b\u0107. Wyra\u017ca\u0142 j\u0105 powstaniec z szabl\u0105 w r\u0119ku, stawiaj\u0105cy zbrojny op\u00f3r socjalista, budz\u0105cy \u015bwiadomo\u015b\u0107 narodow\u0105 endek jak i wielkopolski ch\u0142op broni\u0105cy w\u0142asnej ziemi przed pruskim zaborc\u0105. G\u0142\u00f3wnym bastionem by\u0142o polskie wojsko tworzone z formacji wojskowych powsta\u0142ych podczas wojny m.in.: legiony, (J\u00f3zef Pi\u0142sudski, Kazimierz Sosnkowski, W\u0142adys\u0142aw Sikorski), polskie korpusy utworzone w Rosji po rewolucji lutowej, (J\u00f3zef Dowb\u00f3r Mu\u015bnicki, Lucjan \u017beligowski), wreszcie armia Hallera utworzona we Francji. Jak bardzo Polacy pragn\u0119li niepodleg\u0142o\u015bci, najlepiej \u015bwiadcz\u0105 obro\u0144cy Lwowa walcz\u0105cy z Ukrai\u0144cami od 1 listopada 1918 roku, powsta\u0144cy wielkopolscy kt\u00f3rzy zrywem z 27 grudnia 1918 roku przypomnieli Niemcom jak i Sprzymierzonym przygotowuj\u0105cym konferencj\u0119 pokojow\u0105 w Pary\u017cu o polsko\u015bci Wielkopolski i Pomorza. Wkraczaj\u0105cych na Wile\u0144szczyzn\u0119 krasnoarmiejc\u00f3w przywita\u0142y uzbrojone formacje Samoobrony broni\u0105ce polsko\u015bci Wilna, a przecie\u017c bolszewicy spodziewali si\u0119 \u0142uk\u00f3w triumfalnych stawianych przez klas\u0119 robotnicz\u0105 swoim wyzwolicielom. Rozpolitykowany nar\u00f3d i politycznie bardzo por\u00f3\u017cniony, a wystarczy nadmieni\u0107, \u017ce w pierwszych dniach wolno\u015bci dzia\u0142a\u0142o kilkana\u015bcie partii politycznych, w tym najtrudniejszym czasie potrafi\u0142 si\u0119 zjednoczy\u0107 i podporz\u0105dkowa\u0107 woli powracaj\u0105cego z niemieckiego wi\u0119zienia Komendanta I Brygady, ubranego w \u201eszary strzelca str\u00f3j\u201d. W tym miejscu ponownie przywo\u0142am ju\u017c cytowany fragment wypowiedzi Marsza\u0142ka: \u201eZa jedn\u0105 rzecz ten cz\u0142owiek by\u0142 witany, za jedn\u0105 rzecz, powtarzam m\u00f3g\u0142 on mie\u0107 prawo moralne do zaj\u0119cia tego stanowiska, za to, moi panowie, \u017ce nosi\u0142 ten mundur, za to, \u017ce by\u0142 Komendantem I Brygady\u201d. Przedziwna sytuacja, gdy Rada Regencyjna w osobach: ziemianin J\u00f3zef Ostrowski, kardyna\u0142 Aleksander Kokowski i ksi\u0105\u017c\u0119 pan Zdzis\u0142aw Lubomirski przekazuje naczeln\u0105 komend\u0119 nad polsk\u0105 armi\u0105, kt\u00f3rej jeszcze nie by\u0142o, socjali\u015bcie J\u00f3zefowi Pi\u0142sudskiemu bez \u017cadnego przymusu, ani zamachu. Czy\u017cby nie by\u0142o innych kandydat\u00f3w? A p\u0142k Roja tworz\u0105cy polskie formacje wojskowe w Galicji, a gen. Rozwadowski przekszta\u0142caj\u0105cy Polnische Werchmacht w polskie wojsko, a Dowb\u00f3r-Mu\u015bnicki, dow\u00f3dca polskiego korpusu w Rosji, nie nadawali si\u0119 na wodz\u00f3w polskiej armii, tylko ten \u201ewojskowy dyletant?\u201d Cztery dni p\u00f3\u017aniej Naczelny W\u00f3dz nieistniej\u0105cej armii og\u0142osi\u0142 si\u0119 Naczelnikiem Pa\u0144stwa Polskiego i powo\u0142a\u0142 rz\u0105d pod prezesur\u0105 socjalisty i kapitana legion\u00f3w, J\u0119drzeja Moraczewskiego. Endecja jak i ludowcy od Witosa, odm\u00f3wili udzia\u0142u w socjalistycznym rz\u0105dzie. Ententa tak\u017ce nie uzna\u0142a rz\u0105du tworzonego przez by\u0142ych sojusznik\u00f3w Niemiec i Austrii. Podstawowym zadaniem tego rz\u0105du by\u0142o uspokojenie sytuacji, uchronienie Polski przed komunistyczn\u0105 rewolucj\u0105 i przeprowadzenie wybor\u00f3w. Dzi\u0119ki reformom socjalnym: r\u00f3wne prawa obywatelskie, o\u015bmiogodzinny dzie\u0144 pracy, ubezpieczenia chorobowe, legalne zwi\u0105zki zawodowe, zapowiedziane wyw\u0142aszczenie wielkiej w\u0142asno\u015bci ziemskiej, odradzaj\u0105ce si\u0119 pa\u0144stwo unikn\u0119\u0142o nieszcz\u0119\u015bcia komunistycznej rewolty. Sejm jednomy\u015blnie wybra\u0142 J. Pi\u0142sudskiego Naczelnikiem Pa\u0144stwa, a ten okaza\u0142 si\u0119 m\u0119\u017cem opatrzno\u015bciowym. Tworz\u0105c rz\u0105d lewicowy zapowiedzia\u0142, \u017ce nie mo\u017ce przyj\u0105\u0107 znaku jednej partii, a ma obowi\u0105zek dzia\u0142a\u0107 w imieniu ca\u0142ego narodu. Dzi\u0119ki zgodzie na jak\u0105 zdoby\u0142 si\u0119 nar\u00f3d w pierwszych miesi\u0105cach odrodzenia, co w moim przekonaniu zas\u0142uguje na miano cudu, Polska mog\u0142a zatrzyma\u0107 bolszewick\u0105 nawa\u0142\u0119 w roku 1919.<\/p>\n<p style=\"text-align: right;\"><strong><em>Stanis\u0142aw \u0141ukasik<\/em><\/strong><\/p>\n<p style=\"text-align: left;\"><a href=\"http:\/\/www.noworudzianin.pl\/WWW\/wp-content\/uploads\/2017\/02\/Stanis\u0142aw-\u0141ukasik-150x150.jpg\"><img loading=\"lazy\" decoding=\"async\" class=\"alignnone wp-image-2392 size-thumbnail\" src=\"http:\/\/www.noworudzianin.pl\/WWW\/wp-content\/uploads\/2017\/02\/Stanis\u0142aw-\u0141ukasik-150x150.jpg\" width=\"150\" height=\"150\" \/><\/a><\/p>\n<p><strong>Pozosta\u0142e felietony Stanis\u0142awa \u0141ukasika<\/strong> &gt;<a href=\"https:\/\/www.noworudzianin.pl\/WWW\/felieton\/stanislaw-lukasik\/\" target=\"_blank\" rel=\"noopener noreferrer\"><strong>TUTAJ<\/strong><\/a>&lt;<\/p>\n","protected":false},"excerpt":{"rendered":"<p>Zadajmy pytanie, jakie to bastiony tworzy\u0142y twierdz\u0119 o kt\u00f3r\u0105 rozbi\u0142y si\u0119 plany sowietyzacji Europy snute przez Lenina, Trockiego czy Stalina<\/p>\n","protected":false},"author":6,"featured_media":0,"parent":5309,"menu_order":0,"comment_status":"closed","ping_status":"closed","template":"","meta":{"om_disable_all_campaigns":false,"_monsterinsights_skip_tracking":false,"_monsterinsights_sitenote_active":false,"_monsterinsights_sitenote_note":"","_monsterinsights_sitenote_category":0,"_uf_show_specific_survey":0,"_uf_disable_surveys":false,"footnotes":""},"aioseo_notices":[],"amp_enabled":true,"_links":{"self":[{"href":"https:\/\/www.noworudzianin.pl\/WWW\/wp-json\/wp\/v2\/pages\/24093"}],"collection":[{"href":"https:\/\/www.noworudzianin.pl\/WWW\/wp-json\/wp\/v2\/pages"}],"about":[{"href":"https:\/\/www.noworudzianin.pl\/WWW\/wp-json\/wp\/v2\/types\/page"}],"author":[{"embeddable":true,"href":"https:\/\/www.noworudzianin.pl\/WWW\/wp-json\/wp\/v2\/users\/6"}],"replies":[{"embeddable":true,"href":"https:\/\/www.noworudzianin.pl\/WWW\/wp-json\/wp\/v2\/comments?post=24093"}],"version-history":[{"count":1,"href":"https:\/\/www.noworudzianin.pl\/WWW\/wp-json\/wp\/v2\/pages\/24093\/revisions"}],"predecessor-version":[{"id":24094,"href":"https:\/\/www.noworudzianin.pl\/WWW\/wp-json\/wp\/v2\/pages\/24093\/revisions\/24094"}],"up":[{"embeddable":true,"href":"https:\/\/www.noworudzianin.pl\/WWW\/wp-json\/wp\/v2\/pages\/5309"}],"wp:attachment":[{"href":"https:\/\/www.noworudzianin.pl\/WWW\/wp-json\/wp\/v2\/media?parent=24093"}],"curies":[{"name":"wp","href":"https:\/\/api.w.org\/{rel}","templated":true}]}}