{"id":24137,"date":"2021-01-15T09:59:11","date_gmt":"2021-01-15T08:59:11","guid":{"rendered":"https:\/\/www.noworudzianin.pl\/WWW\/?page_id=24137"},"modified":"2021-01-15T09:59:11","modified_gmt":"2021-01-15T08:59:11","slug":"koniec-marzen-o-moskwie-cz-i","status":"publish","type":"page","link":"https:\/\/www.noworudzianin.pl\/WWW\/felieton\/stanislaw-lukasik\/koniec-marzen-o-moskwie-cz-i\/","title":{"rendered":"Koniec marze\u0144 o Moskwie cz. I"},"content":{"rendered":"<p>Po \u015bmierci pierwszego Samozwa\u0144ca nast\u0105pi\u0142 w Rosji ca\u0142kiem du\u017cy wysyp cudownie ocalonych Dymitr\u00f3w. Ale najcz\u0119\u015bciej ko\u0144czyli tragicznie. Najwi\u0119cej szcz\u0119\u015bcia mia\u0142 \u201ecudownie ocalony\u201d z moskiewskiej rzezi car Dymitr, kt\u00f3ry pojawi\u0142 si\u0119 w Starodubie. Szcz\u0119\u015bcie tego\u017c delikwenta polega\u0142o na tym, \u017ce znalaz\u0142 go tam zausznik i znawca sekret\u00f3w pierwszego Samozwa\u0144ca, niejaki Miko\u0142aj Miechowicki, i ten zaj\u0105\u0142 si\u0119 edukacj\u0105 oraz wtajemniczaniem kandydata na tron moskiewski. Szybko znale\u017ali si\u0119 inni promotorzy w osobach ksi\u0119cia Adama Wi\u015bniowieckiego, odkrywcy pierwszego Dymitra i oczywi\u015bcie wojewody Mniszcha i jego c\u00f3rki Maryny, kt\u00f3ra w ocalonym, aczkolwiek z oporami, rozpozna\u0142a swojego m\u0119\u017ca, rozwiewaj\u0105c wszelkie w\u0105tpliwo\u015bci co do to\u017csamo\u015bci prawowitego nast\u0119pcy tronu moskiewskiego. Chyba nie bardzo wierzy\u0142a w swoje rozpoznanie dlatego, by uchroni\u0107 si\u0119 przed grzechem cudzo\u0142\u00f3stwa, w wielkiej tajemnicy wzi\u0119\u0142a z nim \u015blub ko\u015bcielny. Rosyjscy bojarzy, znudzeni tymi cudami, wybrali kniazia Wasyla Szujskiego carem Rosji, a ten zagrodzi\u0142 Samozwa\u0144cowi drog\u0119 do Moskwy zmuszaj\u0105c go do za\u0142o\u017cenia obozu w Tuszynie. Tuszy\u0144ski wor (z\u0142odziej), jak go nazwali Rosjanie, wezwa\u0142 Polak\u00f3w i Litwin\u00f3w pod swoje sztandary obiecuj\u0105c wysoki \u017co\u0142d. Rych\u0142o na wsch\u00f3d ruszy\u0142y rzesze wszelkiej ma\u015bci awanturnik\u00f3w, zar\u00f3wno arystokrat\u00f3w (kniaziowie: Adam Wi\u015bniowiecki, Roman R\u00f3\u017cycki), by\u0142ych konfederat\u00f3w Zebrzydowskiego, jak i zwyk\u0142ych kryminalist\u00f3w. \u201eNa ogromnych, obj\u0119tych wojn\u0105 domow\u0105 obszarach carstwa za\u0142o\u017cona zosta\u0142a wy\u017csza uczelnia rozboju i zdziczenia\u201d (Jasienica). Car Szujski zagro\u017cony przez \u0141\u017cedymitra, kt\u00f3ry opanowa\u0142 p\u00f3\u0142 Rosji, zawar\u0142 sojusz ze Szwecj\u0105. Przymierze to pos\u0142u\u017cy\u0142o kr\u00f3lowi Zygmuntowi III jako pretekst do rozpocz\u0119cia wojny z Rosj\u0105, w my\u015bl zasady \u2013 sojusznik mojego wroga jest moim wrogiem, a Rzeczpospolita w tym czasie by\u0142a w stanie wojny ze Szwecj\u0105. Kr\u00f3l przedstawi\u0142 w\u0142asne pretensje do tronu Rurykowicz\u00f3w, jako potomek Julianny Twerskiej, matki W\u0142adys\u0142awa Jagie\u0142\u0142y i So\u0144ki Holsza\u0144skiej, matki swojego pradziadka Kazimierza Jagiello\u0144czyka, wi\u0119c jako prawowity dziedzic moskiewskiego tronu ruszy\u0142 na Rosj\u0119. Do wyprawy zach\u0119ca\u0142 papie\u017c i jezuici marz\u0105c o rych\u0142ym nawr\u00f3ceniu Moskwy na katolicyzm. Pierwszym celem wyprawy mia\u0142o by\u0107 odzyskanie Smole\u0144ska utraconego za czas\u00f3w Zygmunta Starego. Obl\u0119\u017cenie twierdzy zatrzyma\u0142o polsk\u0105 armi\u0119 na kilka miesi\u0119cy, ale wspania\u0142e zwyci\u0119stwo \u017b\u00f3\u0142kiewskiego nad armi\u0105 rosyjsk\u0105 i jej sojusznikami pod K\u0142uszynem (4.07.1610), odwr\u00f3ci\u0142o losy wojny. Szwedzi zerwali sojusz z Moskw\u0105 i odebrali jej Wielki Nowogr\u00f3d, na po\u0142udniu Rosji buszowa\u0142 Tuszy\u0144ski wor, a do Moskwy zbli\u017ca\u0142y si\u0119 wojska polskie. W tej sytuacji bojarzy widzieli ratunek w porozumieniu z Rzeczpospolit\u0105 i zaproponowali tron moskiewski W\u0142adys\u0142awowi, synowi Zygmunta III, pod pewnymi warunkami: kr\u00f3lewicz ma przej\u015b\u0107 na prawos\u0142awie, o\u017ceni\u0107 si\u0119 z ksi\u0119\u017cniczk\u0105 prawos\u0142awn\u0105, kara\u0107 \u015bmierci\u0105 ka\u017cdego kto przyjmie katolicyzm, Polak\u00f3w nie dopuszcza\u0107 do rosyjskich urz\u0119d\u00f3w. Wasyla Szujskiego zdetronizowali i nieszcz\u0119\u015bliwy car wraz z bra\u0107mi pow\u0119drowa\u0142 do polskiej niewoli, a w pa\u017adzierniku 1610 roku na Kremlu stan\u0119\u0142a polska za\u0142oga. W Moskwie hetman \u017b\u00f3\u0142kiewski przyjmowa\u0142 przysi\u0119gi rosyjskich elit na wierno\u015b\u0107 nowego cara W\u0142adys\u0142awa Zygmuntowicza, za elitami posz\u0142a ca\u0142a Moskwa i inne miasta i wsie. Ca\u0142e polskie wojsko Samozwa\u0144ca przesz\u0142o na stron\u0119 kr\u00f3lewicza-cara, za\u015b niedosz\u0142y car musia\u0142 ucieka\u0107 do Ka\u0142ugi, gdzie marnie sko\u0144czy\u0142. Unia wielkich s\u0142owia\u0144skich pa\u0144stw i pobratymczych narod\u00f3w zdawa\u0142a si\u0119 by\u0107 tu\u017c tu\u017c, a przed tak\u0105 pot\u0119g\u0105 musia\u0142a dr\u017ce\u0107 Szweja na p\u00f3\u0142nocy i Imperium Osma\u0144skie na po\u0142udniu. Niestety, ci\u0105g dalszy okaza\u0142 si\u0119 tragiczny.<br \/>\ncdn.<\/p>\n<p style=\"text-align: right;\"><strong><em>Stanis\u0142aw \u0141ukasik<\/em><\/strong><\/p>\n<p style=\"text-align: left;\"><a href=\"http:\/\/www.noworudzianin.pl\/WWW\/wp-content\/uploads\/2017\/02\/Stanis\u0142aw-\u0141ukasik-150x150.jpg\"><img loading=\"lazy\" decoding=\"async\" class=\"alignnone wp-image-2392 size-thumbnail\" src=\"http:\/\/www.noworudzianin.pl\/WWW\/wp-content\/uploads\/2017\/02\/Stanis\u0142aw-\u0141ukasik-150x150.jpg\" width=\"150\" height=\"150\" \/><\/a><\/p>\n<p><strong>Pozosta\u0142e felietony Stanis\u0142awa \u0141ukasika<\/strong> &gt;<a href=\"https:\/\/www.noworudzianin.pl\/WWW\/felieton\/stanislaw-lukasik\/\" target=\"_blank\" rel=\"noopener noreferrer\"><strong>TUTAJ<\/strong><\/a>&lt;<\/p>\n","protected":false},"excerpt":{"rendered":"<p>Po \u015bmierci pierwszego Samozwa\u0144ca nast\u0105pi\u0142 w Rosji ca\u0142kiem du\u017cy wysyp cudownie ocalonych Dymitr\u00f3w. Ale najcz\u0119\u015bciej ko\u0144czyli tragicznie. Najwi\u0119cej szcz\u0119\u015bcia mia\u0142<\/p>\n","protected":false},"author":6,"featured_media":0,"parent":5309,"menu_order":0,"comment_status":"closed","ping_status":"closed","template":"","meta":{"om_disable_all_campaigns":false,"_monsterinsights_skip_tracking":false,"_monsterinsights_sitenote_active":false,"_monsterinsights_sitenote_note":"","_monsterinsights_sitenote_category":0,"_uf_show_specific_survey":0,"_uf_disable_surveys":false,"footnotes":""},"aioseo_notices":[],"amp_enabled":true,"_links":{"self":[{"href":"https:\/\/www.noworudzianin.pl\/WWW\/wp-json\/wp\/v2\/pages\/24137"}],"collection":[{"href":"https:\/\/www.noworudzianin.pl\/WWW\/wp-json\/wp\/v2\/pages"}],"about":[{"href":"https:\/\/www.noworudzianin.pl\/WWW\/wp-json\/wp\/v2\/types\/page"}],"author":[{"embeddable":true,"href":"https:\/\/www.noworudzianin.pl\/WWW\/wp-json\/wp\/v2\/users\/6"}],"replies":[{"embeddable":true,"href":"https:\/\/www.noworudzianin.pl\/WWW\/wp-json\/wp\/v2\/comments?post=24137"}],"version-history":[{"count":1,"href":"https:\/\/www.noworudzianin.pl\/WWW\/wp-json\/wp\/v2\/pages\/24137\/revisions"}],"predecessor-version":[{"id":24138,"href":"https:\/\/www.noworudzianin.pl\/WWW\/wp-json\/wp\/v2\/pages\/24137\/revisions\/24138"}],"up":[{"embeddable":true,"href":"https:\/\/www.noworudzianin.pl\/WWW\/wp-json\/wp\/v2\/pages\/5309"}],"wp:attachment":[{"href":"https:\/\/www.noworudzianin.pl\/WWW\/wp-json\/wp\/v2\/media?parent=24137"}],"curies":[{"name":"wp","href":"https:\/\/api.w.org\/{rel}","templated":true}]}}