{"id":6524,"date":"2018-01-15T13:41:08","date_gmt":"2018-01-15T12:41:08","guid":{"rendered":"https:\/\/www.noworudzianin.pl\/WWW\/?page_id=6524"},"modified":"2019-02-07T08:49:23","modified_gmt":"2019-02-07T07:49:23","slug":"informator","status":"publish","type":"page","link":"https:\/\/www.noworudzianin.pl\/WWW\/informator\/","title":{"rendered":"INFORMATOR"},"content":{"rendered":"<p><a href=\"https:\/\/www.noworudzianin.pl\/WWW\/wp-content\/uploads\/2018\/05\/communication-3404944_1920.jpg\"><img loading=\"lazy\" decoding=\"async\" class=\"alignnone size-large wp-image-8440\" src=\"https:\/\/www.noworudzianin.pl\/WWW\/wp-content\/uploads\/2018\/05\/communication-3404944_1920-630x420.jpg\" alt=\"\" width=\"630\" height=\"420\" srcset=\"https:\/\/www.noworudzianin.pl\/WWW\/wp-content\/uploads\/2018\/05\/communication-3404944_1920-630x420.jpg 630w, https:\/\/www.noworudzianin.pl\/WWW\/wp-content\/uploads\/2018\/05\/communication-3404944_1920-300x200.jpg 300w, https:\/\/www.noworudzianin.pl\/WWW\/wp-content\/uploads\/2018\/05\/communication-3404944_1920-768x512.jpg 768w, https:\/\/www.noworudzianin.pl\/WWW\/wp-content\/uploads\/2018\/05\/communication-3404944_1920.jpg 1920w\" sizes=\"(max-width: 630px) 100vw, 630px\" \/><\/a><\/p>\n<p><a href=\"https:\/\/www.noworudzianin.pl\/WWW\/informator\/nocne-dyzury-aptek-nowa-ruda\/\">NOCNE DY\u017bURY APTEK NOWA RUDA, RADK\u00d3W<\/a><\/p>\n<p><a href=\"https:\/\/www.noworudzianin.pl\/WWW\/informator\/nieodplatna-pomoc-prawna\/\" target=\"_blank\">Nieodp\u0142atna pomoc prawna<\/a><\/p>\n<p><a href=\"https:\/\/www.noworudzianin.pl\/WWW\/informator\/sluzby-w-nowej-rudzie-policja-pogotowie-straz-pozarna-straz-miejska\/\" target=\"_blank\" rel=\"noopener\">S\u0141U\u017bBY: Policja, Pogotowie, Stra\u017c Po\u017carna, Stra\u017c Miejska<\/a><\/p>\n<p><a href=\"https:\/\/www.noworudzianin.pl\/WWW\/informator\/zdrowie-w-nowej-rudzie-szpital-przychodnie\/\" target=\"_blank\" rel=\"noopener\">ZDROWIE: Szpital i przychodnie<\/a><\/p>\n<p><a href=\"https:\/\/www.noworudzianin.pl\/WWW\/informator\/edukacja-zlobki-przedszkola-i-szkoly-w-nowej-rudzie\/\" target=\"_blank\" rel=\"noopener\">EDUKACJA: \u017c\u0142obki, przedszkola i szko\u0142y<\/a><\/p>\n<p><a href=\"https:\/\/www.noworudzianin.pl\/WWW\/informator\/urzedy-i-instytucje-nowa-ruda\/\">URZ\u0118DY I INSTYTUCJE NOWA RUDA<\/a><\/p>\n<p><a href=\"https:\/\/www.noworudzianin.pl\/WWW\/informator\/taxi-nowa-ruda\/\" target=\"_blank\" rel=\"noopener\">TAXI NOWA RUDA<\/a><\/p>\n<p><a href=\"https:\/\/www.noworudzianin.pl\/WWW\/informator\/pogoda-nowa-ruda\/\">POGODA NOWA RUDA<\/a><\/p>\n","protected":false},"excerpt":{"rendered":"<p>NOCNE DY\u017bURY APTEK NOWA RUDA, RADK\u00d3W Nieodp\u0142atna pomoc prawna S\u0141U\u017bBY: Policja, Pogotowie, Stra\u017c Po\u017carna, Stra\u017c Miejska ZDROWIE: Szpital i przychodnie<\/p>\n","protected":false},"author":4,"featured_media":8440,"parent":0,"menu_order":8,"comment_status":"closed","ping_status":"closed","template":"","meta":{"om_disable_all_campaigns":false,"_monsterinsights_skip_tracking":false,"_monsterinsights_sitenote_active":false,"_monsterinsights_sitenote_note":"","_monsterinsights_sitenote_category":0,"_uf_show_specific_survey":0,"_uf_disable_surveys":false,"footnotes":""},"aioseo_notices":[],"amp_enabled":true,"_links":{"self":[{"href":"https:\/\/www.noworudzianin.pl\/WWW\/wp-json\/wp\/v2\/pages\/6524"}],"collection":[{"href":"https:\/\/www.noworudzianin.pl\/WWW\/wp-json\/wp\/v2\/pages"}],"about":[{"href":"https:\/\/www.noworudzianin.pl\/WWW\/wp-json\/wp\/v2\/types\/page"}],"author":[{"embeddable":true,"href":"https:\/\/www.noworudzianin.pl\/WWW\/wp-json\/wp\/v2\/users\/4"}],"replies":[{"embeddable":true,"href":"https:\/\/www.noworudzianin.pl\/WWW\/wp-json\/wp\/v2\/comments?post=6524"}],"version-history":[{"count":19,"href":"https:\/\/www.noworudzianin.pl\/WWW\/wp-json\/wp\/v2\/pages\/6524\/revisions"}],"predecessor-version":[{"id":12372,"href":"https:\/\/www.noworudzianin.pl\/WWW\/wp-json\/wp\/v2\/pages\/6524\/revisions\/12372"}],"wp:featuredmedia":[{"embeddable":true,"href":"https:\/\/www.noworudzianin.pl\/WWW\/wp-json\/wp\/v2\/media\/8440"}],"wp:attachment":[{"href":"https:\/\/www.noworudzianin.pl\/WWW\/wp-json\/wp\/v2\/media?parent=6524"}],"curies":[{"name":"wp","href":"https:\/\/api.w.org\/{rel}","templated":true}]}}