{"id":6529,"date":"2018-01-15T13:44:36","date_gmt":"2018-01-15T12:44:36","guid":{"rendered":"https:\/\/www.noworudzianin.pl\/WWW\/?page_id=6529"},"modified":"2018-05-16T15:28:39","modified_gmt":"2018-05-16T13:28:39","slug":"zdrowie-w-nowej-rudzie-szpital-przychodnie","status":"publish","type":"page","link":"https:\/\/www.noworudzianin.pl\/WWW\/informator\/zdrowie-w-nowej-rudzie-szpital-przychodnie\/","title":{"rendered":"ZDROWIE: szpital i przychodnie"},"content":{"rendered":"<p><a href=\"https:\/\/www.noworudzianin.pl\/WWW\/wp-content\/uploads\/2018\/01\/3.jpg\"><img loading=\"lazy\" decoding=\"async\" class=\"alignnone size-large wp-image-6579\" src=\"https:\/\/www.noworudzianin.pl\/WWW\/wp-content\/uploads\/2018\/01\/3-630x420.jpg\" alt=\"\" width=\"630\" height=\"420\" srcset=\"https:\/\/www.noworudzianin.pl\/WWW\/wp-content\/uploads\/2018\/01\/3-630x420.jpg 630w, https:\/\/www.noworudzianin.pl\/WWW\/wp-content\/uploads\/2018\/01\/3-300x200.jpg 300w, https:\/\/www.noworudzianin.pl\/WWW\/wp-content\/uploads\/2018\/01\/3-768x512.jpg 768w, https:\/\/www.noworudzianin.pl\/WWW\/wp-content\/uploads\/2018\/01\/3.jpg 1920w\" sizes=\"(max-width: 630px) 100vw, 630px\" \/><\/a><\/p>\n<p>Szpital w Nowej Rudzie, ul. Kra\u0144cowa 3, tel. 74 872 40 06<br \/>\nZak\u0142ad Opieku\u0144czo-Leczniczy Nowa Ruda, ul. Szpitalna 2, tel. 74 872 4006 wew. 22<br \/>\nOg\u00f3lnopolskie Biuro Praw Pacjenta, tel. 800 190 590<br \/>\nPe\u0142nomocnik ds. Ochrony Praw Pacjenta K\u0142odzko, tel. 74 865 12 06<\/p>\n<p><strong>Przychodnie <\/strong><br \/>\n\u201eTUR-MED\u201d Nowa Ruda, ul. Teatralna 11, tel. 74 872 72 00<br \/>\n\u201eEVITA\u201d Nowa Ruda, ul. Boh Getta 6c, tel. 74 872 55 99<br \/>\n\u201eEVITA\u201d Nowa Ruda-S\u0142upiec, ul. Spacerowa, tel. 74 872 87 22<br \/>\n\u201eEVITA\u201d Nowa Ruda-Drogos\u0142aw, ul. \u015awidnicka 20, tel. 74 872 77 22<br \/>\n\u201eOPTOMED\u201d Nowa Ruda-S\u0142upiec, ul. Kwiatkowskiego 1, tel. 74 872 86 70<br \/>\n\u201eMEDICOR\u201d Nowa Ruda-S\u0142upiec, ul. Ludwika Wary\u0144skiego 2a, tel. 603 487 224<br \/>\n\u201eEUROMED\u201d Nowa Ruda, ul. Fredry 22, tel. 74 872 20 70<br \/>\n\u201eANIMED\u201d Nowa Ruda, ul. Piast\u00f3w 6, tel. 74 872 25 02<br \/>\n\u201eZDROWIE\u201d Nowa Ruda-S\u0142upiec, ul. K\u0142odzka 25, tel. 74 872 30 44<br \/>\n\u201eSALUS\u201d Nowa Ruda, ul. Pi\u0142sudskiego 2, tel. 74 865 65 10<br \/>\n\u201ePRO-MED\u201d Ludwikowice K\u0142odzkie, ul. G\u0142\u00f3wna 31, tel. 74 871 6052<br \/>\n\u201eMEDICUS\u201d Radk\u00f3w, ul. S\u0142oneczna 8, tel. 74 871 2787<br \/>\n\u201eRODZINNA\u201d \u015acinawka \u015arednia, ul. Sikorskiego 38d, tel. 74 871 53 26<br \/>\n\u201eMEDICUS\u201d \u015acinawka \u015arednia, ul. 3 Maja 18, tel. 71 871 53 45<br \/>\n\u201eMEDICOR\u201d \u015acinawka \u015ar., ul. Mickiewicza 2, tel. 664 572 634<br \/>\n\u201eZDROWIE\u201d Wolib\u00f3rz 115, tel. 74 872 25 32 \u201eSALUS\u201d Bo\u017ck\u00f3w 53, tel. 74 871 42 47<br \/>\n\u201ePROMED\u201d, Jug\u00f3w, ul. G\u0142\u00f3wna 90a, tel. 74 872 46 48<\/p>\n","protected":false},"excerpt":{"rendered":"<p>Szpital w Nowej Rudzie, ul. Kra\u0144cowa 3, tel. 74 872 40 06 Zak\u0142ad Opieku\u0144czo-Leczniczy Nowa Ruda, ul. Szpitalna 2, tel.<\/p>\n","protected":false},"author":4,"featured_media":0,"parent":6524,"menu_order":1,"comment_status":"closed","ping_status":"closed","template":"","meta":{"om_disable_all_campaigns":false,"_monsterinsights_skip_tracking":false,"_monsterinsights_sitenote_active":false,"_monsterinsights_sitenote_note":"","_monsterinsights_sitenote_category":0,"_uf_show_specific_survey":0,"_uf_disable_surveys":false,"footnotes":""},"aioseo_notices":[],"amp_enabled":true,"_links":{"self":[{"href":"https:\/\/www.noworudzianin.pl\/WWW\/wp-json\/wp\/v2\/pages\/6529"}],"collection":[{"href":"https:\/\/www.noworudzianin.pl\/WWW\/wp-json\/wp\/v2\/pages"}],"about":[{"href":"https:\/\/www.noworudzianin.pl\/WWW\/wp-json\/wp\/v2\/types\/page"}],"author":[{"embeddable":true,"href":"https:\/\/www.noworudzianin.pl\/WWW\/wp-json\/wp\/v2\/users\/4"}],"replies":[{"embeddable":true,"href":"https:\/\/www.noworudzianin.pl\/WWW\/wp-json\/wp\/v2\/comments?post=6529"}],"version-history":[{"count":6,"href":"https:\/\/www.noworudzianin.pl\/WWW\/wp-json\/wp\/v2\/pages\/6529\/revisions"}],"predecessor-version":[{"id":8443,"href":"https:\/\/www.noworudzianin.pl\/WWW\/wp-json\/wp\/v2\/pages\/6529\/revisions\/8443"}],"up":[{"embeddable":true,"href":"https:\/\/www.noworudzianin.pl\/WWW\/wp-json\/wp\/v2\/pages\/6524"}],"wp:attachment":[{"href":"https:\/\/www.noworudzianin.pl\/WWW\/wp-json\/wp\/v2\/media?parent=6529"}],"curies":[{"name":"wp","href":"https:\/\/api.w.org\/{rel}","templated":true}]}}