{"id":6530,"date":"2018-01-15T13:44:45","date_gmt":"2018-01-15T12:44:45","guid":{"rendered":"https:\/\/www.noworudzianin.pl\/WWW\/?page_id=6530"},"modified":"2019-11-04T10:55:16","modified_gmt":"2019-11-04T09:55:16","slug":"urzedy-i-instytucje-nowa-ruda","status":"publish","type":"page","link":"https:\/\/www.noworudzianin.pl\/WWW\/informator\/urzedy-i-instytucje-nowa-ruda\/","title":{"rendered":"URZ\u0118DY I INSTYTUCJE"},"content":{"rendered":"<p><a href=\"https:\/\/www.noworudzianin.pl\/WWW\/wp-content\/uploads\/2018\/01\/5.png\"><img loading=\"lazy\" decoding=\"async\" src=\"https:\/\/www.noworudzianin.pl\/WWW\/wp-content\/uploads\/2018\/01\/5-630x419.png\" alt=\"\" width=\"630\" height=\"419\" class=\"alignnone size-large wp-image-6583\" srcset=\"https:\/\/www.noworudzianin.pl\/WWW\/wp-content\/uploads\/2018\/01\/5-630x419.png 630w, https:\/\/www.noworudzianin.pl\/WWW\/wp-content\/uploads\/2018\/01\/5-300x199.png 300w, https:\/\/www.noworudzianin.pl\/WWW\/wp-content\/uploads\/2018\/01\/5-768x510.png 768w, https:\/\/www.noworudzianin.pl\/WWW\/wp-content\/uploads\/2018\/01\/5.png 960w\" sizes=\"(max-width: 630px) 100vw, 630px\" \/><\/a><\/p>\n<p>Urz\u0105d Miasta w Nowej Rudzie, Rynek 1, tel. 74 872 03 00<br \/>\nUrz\u0105d Gminy Nowa Ruda, ul. Niepodleg\u0142o\u015bci 1, tel. 74 872 22 63<br \/>\nUrz\u0105d Miasta i Gminy w Radkowie, Rynek 1, tel. 74 873 50 00<br \/>\nUrz\u0105d Skarbowy w Nowej Rudzie, ul. Kolejowa 23, tel. 74 872 02 00<br \/>\nZak\u0142ad Ubezpiecze\u0144 Spo\u0142ecznych, ul. Pi\u0142sudskiego 4, tel. 74 872 21 87<br \/>\nFilia Powiatowego Urz\u0119du Pracy, Nowa Ruda, ul. Pi\u0142sudskiego 14, tel. 74 873 50 50<br \/>\nMiejski O\u015brodek Pomocy Spo\u0142ecznej, ul. Kolejowa 19, tel. 74 872 10 56<br \/>\nGminny O\u015brodek Pomocy Spo\u0142ecznej, ul. K\u0142odzka 27, tel. 74 872 45 72<br \/>\nO\u015brodek Pomocy Spo\u0142ecznej \u015acinawka \u015arednia, ul. Mickiewicza 16, tel. 74 871 53 82<br \/>\nUrz\u0105d Pocztowy Nowa Ruda, ul. Niepodleg\u0142o\u015bci 1, tel. 74 872 22 60<br \/>\nUrz\u0105d Pocztowy Nowa Ruda-Drogos\u0142aw ul. \u015awidnicka 35, tel. 74 872 43 87<br \/>\nUrz\u0105d Pocztowy Nowa Ruda-S\u0142upiec, ul. K\u0142odzka 6, tel. 74 872 31 42<br \/>\nMiejski O\u015brodek Kultury w Nowej Rudzie, ul. Strzelecka 2a, tel. 74 872 44 84<br \/>\nGminne Centrum Kultury Sportu i Turystyki Radk\u00f3w, ul. Handlowa 11, tel. 74 871 22 61<br \/>\nCentrum Kultury Gminy Nowa Ruda Ludwikowice K\u0142odzkie, ul. Fabryczna, tel. 74 872 20 84<br \/>\nMiejska Biblioteka Publiczna, ul. Bohater\u00f3w Getta 10, tel. 74 872 23 67<br \/>\nMiejska Biblioteka Publiczna w Radkowie, Rynek 7, tel. 74 871 21 18<br \/>\nNoworudzkie Towarzystwo Budownictwa Spo\u0142ecznego, ul. Cmentarna, tel. 74 872 22 13<br \/>\nNTBS Jug\u00f3w, ul. G\u0142\u00f3wna 83, tel. 74 872 46 22<br \/>\nNoworudzkie Us\u0142ugi Komunalne, ul. \u017beromskiego 2, tel. 74 872 23 88<br \/>\nRadkowskie Us\u0142ugi Komunalne, Rynek 16, tel. 74 871 21 66<br \/>\nZak\u0142ad Wodoci\u0105g\u00f3w i Kanalizacji, ul. Niepodleg\u0142o\u015bci 56, tel. 74 872 46 76<br \/>\nNadle\u015bnictwo Jug\u00f3w, ul. G\u0142\u00f3wna 149, tel. 74 872 24 52<br \/>\nPoradnia Psychologiczno-Pedagogiczna, ul. Niepodleg\u0142o\u015bci 6-8, tel. 74 872 26 81<br \/>\nFederacja Konsument\u00f3w, ul. Ko\u015bcielna 1, tel. 74 872 57 12<br \/>\nRejonowy Zak\u0142ad Kominiarski, ul. Zau\u0142ek 4, tel. 74 872 46 73<br \/>\nBiuro Porad Obywatelskich Wa\u0142brzych, tel. 74 665 16 60<br \/>\nPunkt Informacji Turystycznej Nowa Ruda, Rynek 2, tel. 74 872 03 08<br \/>\nPunkt Informacji Turystycznej w Radkowie, Rynek 6, tel. 74 871 22 70<\/p>\n","protected":false},"excerpt":{"rendered":"<p>Urz\u0105d Miasta w Nowej Rudzie, Rynek 1, tel. 74 872 03 00 Urz\u0105d Gminy Nowa Ruda, ul. Niepodleg\u0142o\u015bci 1, tel.<\/p>\n","protected":false},"author":4,"featured_media":0,"parent":6524,"menu_order":2,"comment_status":"closed","ping_status":"closed","template":"","meta":{"om_disable_all_campaigns":false,"_monsterinsights_skip_tracking":false,"_monsterinsights_sitenote_active":false,"_monsterinsights_sitenote_note":"","_monsterinsights_sitenote_category":0,"_uf_show_specific_survey":0,"_uf_disable_surveys":false,"footnotes":""},"aioseo_notices":[],"amp_enabled":true,"_links":{"self":[{"href":"https:\/\/www.noworudzianin.pl\/WWW\/wp-json\/wp\/v2\/pages\/6530"}],"collection":[{"href":"https:\/\/www.noworudzianin.pl\/WWW\/wp-json\/wp\/v2\/pages"}],"about":[{"href":"https:\/\/www.noworudzianin.pl\/WWW\/wp-json\/wp\/v2\/types\/page"}],"author":[{"embeddable":true,"href":"https:\/\/www.noworudzianin.pl\/WWW\/wp-json\/wp\/v2\/users\/4"}],"replies":[{"embeddable":true,"href":"https:\/\/www.noworudzianin.pl\/WWW\/wp-json\/wp\/v2\/comments?post=6530"}],"version-history":[{"count":5,"href":"https:\/\/www.noworudzianin.pl\/WWW\/wp-json\/wp\/v2\/pages\/6530\/revisions"}],"predecessor-version":[{"id":6543,"href":"https:\/\/www.noworudzianin.pl\/WWW\/wp-json\/wp\/v2\/pages\/6530\/revisions\/6543"}],"up":[{"embeddable":true,"href":"https:\/\/www.noworudzianin.pl\/WWW\/wp-json\/wp\/v2\/pages\/6524"}],"wp:attachment":[{"href":"https:\/\/www.noworudzianin.pl\/WWW\/wp-json\/wp\/v2\/media?parent=6530"}],"curies":[{"name":"wp","href":"https:\/\/api.w.org\/{rel}","templated":true}]}}