{"id":6551,"date":"2018-03-25T14:56:40","date_gmt":"2018-03-25T12:56:40","guid":{"rendered":"https:\/\/www.noworudzianin.pl\/WWW\/?page_id=6551"},"modified":"2025-02-18T16:07:42","modified_gmt":"2025-02-18T15:07:42","slug":"nocne-dyzury-aptek-nowa-ruda","status":"publish","type":"page","link":"https:\/\/www.noworudzianin.pl\/WWW\/informator\/nocne-dyzury-aptek-nowa-ruda\/","title":{"rendered":"DY\u017bURY APTEK"},"content":{"rendered":"<p><a href=\"https:\/\/www.noworudzianin.pl\/WWW\/wp-content\/uploads\/2018\/01\/1.jpg\"><img loading=\"lazy\" decoding=\"async\" class=\"alignnone size-large wp-image-6574\" src=\"https:\/\/www.noworudzianin.pl\/WWW\/wp-content\/uploads\/2018\/01\/1-630x397.jpg\" alt=\"\" width=\"630\" height=\"397\" srcset=\"https:\/\/www.noworudzianin.pl\/WWW\/wp-content\/uploads\/2018\/01\/1-630x397.jpg 630w, https:\/\/www.noworudzianin.pl\/WWW\/wp-content\/uploads\/2018\/01\/1-300x189.jpg 300w, https:\/\/www.noworudzianin.pl\/WWW\/wp-content\/uploads\/2018\/01\/1-768x484.jpg 768w, https:\/\/www.noworudzianin.pl\/WWW\/wp-content\/uploads\/2018\/01\/1.jpg 1920w\" sizes=\"(max-width: 630px) 100vw, 630px\" \/><\/a><\/p>\n<h2><span style=\"color: #000080;\"><strong>Dy\u017cury aptek w porze nocnej w godzinach 19.00 do 21.00 dla aptek rotacyjnie w K\u0142odzku:<\/strong><\/span><\/h2>\n<p><a href=\"https:\/\/www.noworudzianin.pl\/WWW\/wp-content\/uploads\/2025\/02\/IMG_3871.jpeg\"><img loading=\"lazy\" decoding=\"async\" src=\"https:\/\/www.noworudzianin.pl\/WWW\/wp-content\/uploads\/2025\/02\/IMG_3871.jpeg\" alt=\"\" width=\"1291\" height=\"1933\" class=\"alignnone size-full wp-image-28448\" srcset=\"https:\/\/www.noworudzianin.pl\/WWW\/wp-content\/uploads\/2025\/02\/IMG_3871.jpeg 1291w, https:\/\/www.noworudzianin.pl\/WWW\/wp-content\/uploads\/2025\/02\/IMG_3871-200x300.jpeg 200w, https:\/\/www.noworudzianin.pl\/WWW\/wp-content\/uploads\/2025\/02\/IMG_3871-630x943.jpeg 630w, https:\/\/www.noworudzianin.pl\/WWW\/wp-content\/uploads\/2025\/02\/IMG_3871-768x1150.jpeg 768w, https:\/\/www.noworudzianin.pl\/WWW\/wp-content\/uploads\/2025\/02\/IMG_3871-1026x1536.jpeg 1026w\" sizes=\"(max-width: 1291px) 100vw, 1291px\" \/><\/a><br \/>\n<a href=\"https:\/\/www.noworudzianin.pl\/WWW\/wp-content\/uploads\/2025\/02\/IMG_3872.jpeg\"><img loading=\"lazy\" decoding=\"async\" src=\"https:\/\/www.noworudzianin.pl\/WWW\/wp-content\/uploads\/2025\/02\/IMG_3872.jpeg\" alt=\"\" width=\"1282\" height=\"1226\" class=\"alignnone size-full wp-image-28449\" srcset=\"https:\/\/www.noworudzianin.pl\/WWW\/wp-content\/uploads\/2025\/02\/IMG_3872.jpeg 1282w, https:\/\/www.noworudzianin.pl\/WWW\/wp-content\/uploads\/2025\/02\/IMG_3872-300x287.jpeg 300w, https:\/\/www.noworudzianin.pl\/WWW\/wp-content\/uploads\/2025\/02\/IMG_3872-630x602.jpeg 630w, https:\/\/www.noworudzianin.pl\/WWW\/wp-content\/uploads\/2025\/02\/IMG_3872-768x734.jpeg 768w\" sizes=\"(max-width: 1282px) 100vw, 1282px\" \/><\/a><\/p>\n<h2><span style=\"color: #ff0000;\"><strong>Dy\u017cury aptek w dni wolne od pracy w godzinach 12.00 do 16.00 dla aptek rotacyjnie w K\u0142odzku:<\/strong><\/span><\/h2>\n<p><a href=\"https:\/\/www.noworudzianin.pl\/WWW\/wp-content\/uploads\/2025\/02\/IMG_3873.jpeg\"><img loading=\"lazy\" decoding=\"async\" src=\"https:\/\/www.noworudzianin.pl\/WWW\/wp-content\/uploads\/2025\/02\/IMG_3873.jpeg\" alt=\"\" width=\"1290\" height=\"1087\" class=\"alignnone size-full wp-image-28450\" srcset=\"https:\/\/www.noworudzianin.pl\/WWW\/wp-content\/uploads\/2025\/02\/IMG_3873.jpeg 1290w, https:\/\/www.noworudzianin.pl\/WWW\/wp-content\/uploads\/2025\/02\/IMG_3873-300x253.jpeg 300w, https:\/\/www.noworudzianin.pl\/WWW\/wp-content\/uploads\/2025\/02\/IMG_3873-630x531.jpeg 630w, https:\/\/www.noworudzianin.pl\/WWW\/wp-content\/uploads\/2025\/02\/IMG_3873-768x647.jpeg 768w\" sizes=\"(max-width: 1290px) 100vw, 1290px\" \/><\/a><br \/>\n<a href=\"https:\/\/www.noworudzianin.pl\/WWW\/wp-content\/uploads\/2025\/02\/IMG_3870.jpeg\"><img loading=\"lazy\" decoding=\"async\" src=\"https:\/\/www.noworudzianin.pl\/WWW\/wp-content\/uploads\/2025\/02\/IMG_3870.jpeg\" alt=\"\" width=\"1452\" height=\"1476\" class=\"alignnone size-full wp-image-28451\" srcset=\"https:\/\/www.noworudzianin.pl\/WWW\/wp-content\/uploads\/2025\/02\/IMG_3870.jpeg 1452w, https:\/\/www.noworudzianin.pl\/WWW\/wp-content\/uploads\/2025\/02\/IMG_3870-295x300.jpeg 295w, https:\/\/www.noworudzianin.pl\/WWW\/wp-content\/uploads\/2025\/02\/IMG_3870-630x640.jpeg 630w, https:\/\/www.noworudzianin.pl\/WWW\/wp-content\/uploads\/2025\/02\/IMG_3870-768x781.jpeg 768w\" sizes=\"(max-width: 1452px) 100vw, 1452px\" \/><\/a><br \/>\n<a href=\"https:\/\/www.noworudzianin.pl\/WWW\/wp-content\/uploads\/2025\/02\/IMG_3874.jpeg\"><img loading=\"lazy\" decoding=\"async\" src=\"https:\/\/www.noworudzianin.pl\/WWW\/wp-content\/uploads\/2025\/02\/IMG_3874.jpeg\" alt=\"\" width=\"1383\" height=\"459\" class=\"alignnone size-full wp-image-28452\" srcset=\"https:\/\/www.noworudzianin.pl\/WWW\/wp-content\/uploads\/2025\/02\/IMG_3874.jpeg 1383w, https:\/\/www.noworudzianin.pl\/WWW\/wp-content\/uploads\/2025\/02\/IMG_3874-300x100.jpeg 300w, https:\/\/www.noworudzianin.pl\/WWW\/wp-content\/uploads\/2025\/02\/IMG_3874-630x209.jpeg 630w, https:\/\/www.noworudzianin.pl\/WWW\/wp-content\/uploads\/2025\/02\/IMG_3874-768x255.jpeg 768w\" sizes=\"(max-width: 1383px) 100vw, 1383px\" \/><\/a><\/p>\n","protected":false},"excerpt":{"rendered":"<p>Dy\u017cury aptek w porze nocnej w godzinach 19.00 do 21.00 dla aptek rotacyjnie w K\u0142odzku: Dy\u017cury aptek w dni wolne<\/p>\n","protected":false},"author":4,"featured_media":0,"parent":6524,"menu_order":0,"comment_status":"closed","ping_status":"closed","template":"","meta":{"om_disable_all_campaigns":false,"_monsterinsights_skip_tracking":false,"_monsterinsights_sitenote_active":false,"_monsterinsights_sitenote_note":"","_monsterinsights_sitenote_category":0,"_uf_show_specific_survey":0,"_uf_disable_surveys":false,"footnotes":""},"aioseo_notices":[],"amp_enabled":true,"_links":{"self":[{"href":"https:\/\/www.noworudzianin.pl\/WWW\/wp-json\/wp\/v2\/pages\/6551"}],"collection":[{"href":"https:\/\/www.noworudzianin.pl\/WWW\/wp-json\/wp\/v2\/pages"}],"about":[{"href":"https:\/\/www.noworudzianin.pl\/WWW\/wp-json\/wp\/v2\/types\/page"}],"author":[{"embeddable":true,"href":"https:\/\/www.noworudzianin.pl\/WWW\/wp-json\/wp\/v2\/users\/4"}],"replies":[{"embeddable":true,"href":"https:\/\/www.noworudzianin.pl\/WWW\/wp-json\/wp\/v2\/comments?post=6551"}],"version-history":[{"count":109,"href":"https:\/\/www.noworudzianin.pl\/WWW\/wp-json\/wp\/v2\/pages\/6551\/revisions"}],"predecessor-version":[{"id":28453,"href":"https:\/\/www.noworudzianin.pl\/WWW\/wp-json\/wp\/v2\/pages\/6551\/revisions\/28453"}],"up":[{"embeddable":true,"href":"https:\/\/www.noworudzianin.pl\/WWW\/wp-json\/wp\/v2\/pages\/6524"}],"wp:attachment":[{"href":"https:\/\/www.noworudzianin.pl\/WWW\/wp-json\/wp\/v2\/media?parent=6551"}],"curies":[{"name":"wp","href":"https:\/\/api.w.org\/{rel}","templated":true}]}}